{"id":2378,"date":"2024-01-04T11:35:48","date_gmt":"2024-01-04T11:35:48","guid":{"rendered":"https:\/\/bieszczadzkapolozna.pl\/?page_id=2378"},"modified":"2025-04-13T05:46:50","modified_gmt":"2025-04-13T05:46:50","slug":"taping-piersi","status":"publish","type":"page","link":"https:\/\/bieszczadzkapolozna.pl\/index.php\/taping-piersi\/","title":{"rendered":"Taping piersi"},"content":{"rendered":"\t\t<div data-elementor-type=\"wp-page\" data-elementor-id=\"2378\" class=\"elementor elementor-2378\" data-elementor-post-type=\"page\">\n\t\t\t\t\t\t<section class=\"elementor-section elementor-top-section elementor-element elementor-element-29f27776 elementor-section-content-middle elementor-section-boxed elementor-section-height-default elementor-section-height-default\" data-id=\"29f27776\" data-element_type=\"section\" data-settings=\"{&quot;background_background&quot;:&quot;classic&quot;}\">\n\t\t\t\t\t\t\t<div class=\"elementor-background-overlay\"><\/div>\n\t\t\t\t\t\t\t<div class=\"elementor-container elementor-column-gap-wider\">\n\t\t\t\t\t<div class=\"elementor-column elementor-col-50 elementor-top-column elementor-element elementor-element-1ab140e4\" data-id=\"1ab140e4\" data-element_type=\"column\">\n\t\t\t<div class=\"elementor-widget-wrap elementor-element-populated\">\n\t\t\t\t\t\t<div class=\"elementor-element elementor-element-723925e0 elementor-widget elementor-widget-heading\" data-id=\"723925e0\" data-element_type=\"widget\" data-widget_type=\"heading.default\">\n\t\t\t\t<div class=\"elementor-widget-container\">\n\t\t\t\t\t<h2 class=\"elementor-heading-title elementor-size-default\">Taping piersi<\/h2>\t\t\t\t<\/div>\n\t\t\t\t<\/div>\n\t\t\t\t<div class=\"elementor-element elementor-element-32f3d2aa elementor-invisible elementor-widget elementor-widget-heading\" data-id=\"32f3d2aa\" data-element_type=\"widget\" data-settings=\"{&quot;_animation&quot;:&quot;fadeIn&quot;,&quot;_animation_delay&quot;:150}\" data-widget_type=\"heading.default\">\n\t\t\t\t<div class=\"elementor-widget-container\">\n\t\t\t\t\t<h2 class=\"elementor-heading-title elementor-size-default\">zastosowanie ta\u015bm elastycznych w celu pomocy w redukcji obrz\u0119ku lub poprawy komfortu podczas nawa\u0142u.<br><br>\nZastosowanie ta\u015bmy (tzw. \"taping\") mo\u017ce pom\u00f3c w utrzymaniu lekkiego ucisku, co z kolei mo\u017ce wspom\u00f3c kontrolowanie obrz\u0119ku.<br><br>\nWa\u017cne jest r\u00f3wnie\u017c, aby zidentyfikowa\u0107 przyczyn\u0119 obrz\u0119ku i leczy\u0107 j\u0105 odpowiednio.\n<\/h2>\t\t\t\t<\/div>\n\t\t\t\t<\/div>\n\t\t\t\t<div class=\"elementor-element elementor-element-68c7454a elementor-align-left elementor-widget elementor-widget-button\" data-id=\"68c7454a\" data-element_type=\"widget\" data-widget_type=\"button.default\">\n\t\t\t\t<div class=\"elementor-widget-container\">\n\t\t\t\t\t\t\t\t\t<div class=\"elementor-button-wrapper\">\n\t\t\t\t\t<a class=\"elementor-button elementor-button-link elementor-size-sm\" href=\"https:\/\/bieszczadzkapolozna.pl\/index.php\/oferta\/\">\n\t\t\t\t\t\t<span class=\"elementor-button-content-wrapper\">\n\t\t\t\t\t\t<span class=\"elementor-button-icon\">\n\t\t\t\t<i aria-hidden=\"true\" class=\"fas fa-long-arrow-alt-right\"><\/i>\t\t\t<\/span>\n\t\t\t\t\t\t\t\t\t<span class=\"elementor-button-text\">Zarezerwuj wizyt\u0119<\/span>\n\t\t\t\t\t<\/span>\n\t\t\t\t\t<\/a>\n\t\t\t\t<\/div>\n\t\t\t\t\t\t\t\t<\/div>\n\t\t\t\t<\/div>\n\t\t\t\t\t<\/div>\n\t\t<\/div>\n\t\t\t\t<div class=\"elementor-column elementor-col-50 elementor-top-column elementor-element elementor-element-42948e92\" data-id=\"42948e92\" data-element_type=\"column\">\n\t\t\t<div class=\"elementor-widget-wrap elementor-element-populated\">\n\t\t\t\t\t\t<div class=\"elementor-element elementor-element-b217df6 elementor-widget elementor-widget-image\" data-id=\"b217df6\" data-element_type=\"widget\" data-widget_type=\"image.default\">\n\t\t\t\t<div class=\"elementor-widget-container\">\n\t\t\t\t\t\t\t\t\t\t\t\t\t\t\t<img fetchpriority=\"high\" decoding=\"async\" width=\"1024\" height=\"683\" src=\"https:\/\/bieszczadzkapolozna.pl\/wp-content\/uploads\/2024\/01\/porada-laktacyjna-1-1024x683.jpeg\" class=\"attachment-large size-large wp-image-2308\" alt=\"\" srcset=\"https:\/\/bieszczadzkapolozna.pl\/wp-content\/uploads\/2024\/01\/porada-laktacyjna-1-1024x683.jpeg 1024w, https:\/\/bieszczadzkapolozna.pl\/wp-content\/uploads\/2024\/01\/porada-laktacyjna-1-300x200.jpeg 300w, https:\/\/bieszczadzkapolozna.pl\/wp-content\/uploads\/2024\/01\/porada-laktacyjna-1-768x512.jpeg 768w, https:\/\/bieszczadzkapolozna.pl\/wp-content\/uploads\/2024\/01\/porada-laktacyjna-1-1536x1024.jpeg 1536w, https:\/\/bieszczadzkapolozna.pl\/wp-content\/uploads\/2024\/01\/porada-laktacyjna-1-2048x1365.jpeg 2048w\" sizes=\"(max-width: 1024px) 100vw, 1024px\" \/>\t\t\t\t\t\t\t\t\t\t\t\t\t\t\t<\/div>\n\t\t\t\t<\/div>\n\t\t\t\t<div class=\"elementor-element elementor-element-6f85825d elementor-widget elementor-widget-price-list\" data-id=\"6f85825d\" data-element_type=\"widget\" data-widget_type=\"price-list.default\">\n\t\t\t\t<div class=\"elementor-widget-container\">\n\t\t\t\t\t\n\t\t<ul class=\"elementor-price-list\">\n\n\t\t\t\t\t\t\t\t\t<li><a class=\"elementor-price-list-item\" href=\"#\">\t\t\t\t\n\t\t\t\t<div class=\"elementor-price-list-text\">\n\t\t\t\t\t\t\t\t\t<div class=\"elementor-price-list-header\">\n\t\t\t\t\t\t\t\t\t\t\t<span class=\"elementor-price-list-title\">\n\t\t\t\t\t\t\tKoszt wizyty\t\t\t\t\t\t<\/span>\n\t\t\t\t\t\t\t\t\t\t\t\t\t\t\t\t\t\t<span class=\"elementor-price-list-separator\"><\/span>\n\t\t\t\t\t\t\t\t\t\t\t\t\t\t\t\t\t\t\t<span class=\"elementor-price-list-price\">150z\u0142<\/span>\n\t\t\t\t\t\t\t\t\t\t<\/div>\n\t\t\t\t\t\t\t\t\t\t\t\t<\/div>\n\t\t\t\t<\/a><\/li>\t\t\t\t\t\t\t\t\t\t\t\t<li><a class=\"elementor-price-list-item\" href=\"#\">\t\t\t\t\n\t\t\t\t<div class=\"elementor-price-list-text\">\n\t\t\t\t\t\t\t\t\t<div class=\"elementor-price-list-header\">\n\t\t\t\t\t\t\t\t\t\t\t<span class=\"elementor-price-list-title\">\n\t\t\t\t\t\t\tCzas trwania\t\t\t\t\t\t<\/span>\n\t\t\t\t\t\t\t\t\t\t\t\t\t\t\t\t\t\t<span class=\"elementor-price-list-separator\"><\/span>\n\t\t\t\t\t\t\t\t\t\t\t\t\t\t\t\t\t\t\t<span class=\"elementor-price-list-price\">1h<\/span>\n\t\t\t\t\t\t\t\t\t\t<\/div>\n\t\t\t\t\t\t\t\t\t\t\t\t<\/div>\n\t\t\t\t<\/a><\/li>\t\t\t\t\t\n\t\t<\/ul>\n\n\t\t\t\t\t\t<\/div>\n\t\t\t\t<\/div>\n\t\t\t\t<div class=\"elementor-element elementor-element-1e02b2ff elementor-align-left elementor-widget elementor-widget-button\" data-id=\"1e02b2ff\" data-element_type=\"widget\" data-widget_type=\"button.default\">\n\t\t\t\t<div class=\"elementor-widget-container\">\n\t\t\t\t\t\t\t\t\t<div class=\"elementor-button-wrapper\">\n\t\t\t\t\t<a class=\"elementor-button elementor-button-link elementor-size-sm\" href=\"https:\/\/bieszczadzkapolozna.pl\/index.php\/oferta\/\">\n\t\t\t\t\t\t<span class=\"elementor-button-content-wrapper\">\n\t\t\t\t\t\t\t\t\t<span class=\"elementor-button-text\">Skontaktuj si\u0119<\/span>\n\t\t\t\t\t<\/span>\n\t\t\t\t\t<\/a>\n\t\t\t\t<\/div>\n\t\t\t\t\t\t\t\t<\/div>\n\t\t\t\t<\/div>\n\t\t\t\t\t<\/div>\n\t\t<\/div>\n\t\t\t\t\t<\/div>\n\t\t<\/section>\n\t\t\t\t<section class=\"elementor-section elementor-top-section elementor-element elementor-element-59d7ff98 elementor-section-content-middle elementor-section-boxed elementor-section-height-default elementor-section-height-default\" data-id=\"59d7ff98\" data-element_type=\"section\" data-settings=\"{&quot;background_background&quot;:&quot;classic&quot;}\">\n\t\t\t\t\t\t\t<div class=\"elementor-background-overlay\"><\/div>\n\t\t\t\t\t\t\t<div class=\"elementor-container elementor-column-gap-wider\">\n\t\t\t\t\t<div class=\"elementor-column elementor-col-100 elementor-top-column elementor-element elementor-element-400e33ae\" data-id=\"400e33ae\" data-element_type=\"column\">\n\t\t\t<div class=\"elementor-widget-wrap elementor-element-populated\">\n\t\t\t\t\t\t<div class=\"elementor-element elementor-element-444af038 elementor-post-navigation-borders-yes elementor-widget elementor-widget-post-navigation\" data-id=\"444af038\" data-element_type=\"widget\" data-widget_type=\"post-navigation.default\">\n\t\t\t\t<div class=\"elementor-widget-container\">\n\t\t\t\t\t\t\t<div class=\"elementor-post-navigation\">\n\t\t\t<div class=\"elementor-post-navigation__prev elementor-post-navigation__link\">\n\t\t\t\t<a href=\"https:\/\/bieszczadzkapolozna.pl\/index.php\/badanie-ktg\/\" rel=\"prev\"><span class=\"post-navigation__arrow-wrapper post-navigation__arrow-prev\"><i class=\"fa fa-angle-left\" aria-hidden=\"true\"><\/i><span class=\"elementor-screen-only\">Prev<\/span><\/span><span class=\"elementor-post-navigation__link__prev\"><span class=\"post-navigation__prev--label\">Poprzednie<\/span><span class=\"post-navigation__prev--title\">Badanie KTG<\/span><\/span><\/a>\t\t\t<\/div>\n\t\t\t\t\t\t\t<div class=\"elementor-post-navigation__separator-wrapper\">\n\t\t\t\t\t<div class=\"elementor-post-navigation__separator\"><\/div>\n\t\t\t\t<\/div>\n\t\t\t\t\t\t<div class=\"elementor-post-navigation__next elementor-post-navigation__link\">\n\t\t\t\t<a href=\"https:\/\/bieszczadzkapolozna.pl\/index.php\/i-okres-porodu-w-domu-z-polozna\/\" rel=\"next\"><span class=\"elementor-post-navigation__link__next\"><span class=\"post-navigation__next--label\">Nast\u0119pne<\/span><span class=\"post-navigation__next--title\">I okres porodu w domu z po\u0142o\u017cn\u0105<\/span><\/span><span class=\"post-navigation__arrow-wrapper post-navigation__arrow-next\"><i class=\"fa fa-angle-right\" aria-hidden=\"true\"><\/i><span class=\"elementor-screen-only\">Next<\/span><\/span><\/a>\t\t\t<\/div>\n\t\t<\/div>\n\t\t\t\t\t\t<\/div>\n\t\t\t\t<\/div>\n\t\t\t\t\t<\/div>\n\t\t<\/div>\n\t\t\t\t\t<\/div>\n\t\t<\/section>\n\t\t\t\t<\/div>\n\t\t","protected":false},"excerpt":{"rendered":"<p>Taping piersi zastosowanie ta\u015bm elastycznych w celu pomocy w redukcji obrz\u0119ku lub poprawy komfortu podczas nawa\u0142u. Zastosowanie ta\u015bmy (tzw. &#8222;taping&#8221;) mo\u017ce pom\u00f3c w utrzymaniu lekkiego ucisku, co z kolei mo\u017ce wspom\u00f3c kontrolowanie obrz\u0119ku. Wa\u017cne jest r\u00f3wnie\u017c, aby zidentyfikowa\u0107 przyczyn\u0119 obrz\u0119ku i leczy\u0107 j\u0105 odpowiednio. Zarezerwuj wizyt\u0119 Koszt wizyty 150z\u0142 Czas trwania 1h Skontaktuj si\u0119<\/p>\n","protected":false},"author":1,"featured_media":0,"parent":0,"menu_order":0,"comment_status":"closed","ping_status":"closed","template":"","meta":{"_monsterinsights_skip_tracking":false,"_monsterinsights_sitenote_active":false,"_monsterinsights_sitenote_note":"","_monsterinsights_sitenote_category":0,"ocean_post_layout":"full-screen","ocean_both_sidebars_style":"","ocean_both_sidebars_content_width":0,"ocean_both_sidebars_sidebars_width":0,"ocean_sidebar":"","ocean_second_sidebar":"","ocean_disable_margins":"on","ocean_add_body_class":"","ocean_shortcode_before_top_bar":"","ocean_shortcode_after_top_bar":"","ocean_shortcode_before_header":"","ocean_shortcode_after_header":"","ocean_has_shortcode":"","ocean_shortcode_after_title":"","ocean_shortcode_before_footer_widgets":"","ocean_shortcode_after_footer_widgets":"","ocean_shortcode_before_footer_bottom":"","ocean_shortcode_after_footer_bottom":"","ocean_display_top_bar":"default","ocean_display_header":"default","ocean_header_style":"minimal","ocean_center_header_left_menu":"","ocean_custom_header_template":"","ocean_custom_logo":0,"ocean_custom_retina_logo":0,"ocean_custom_logo_max_width":0,"ocean_custom_logo_tablet_max_width":0,"ocean_custom_logo_mobile_max_width":0,"ocean_custom_logo_max_height":0,"ocean_custom_logo_tablet_max_height":0,"ocean_custom_logo_mobile_max_height":0,"ocean_header_custom_menu":"","ocean_menu_typo_font_family":"","ocean_menu_typo_font_subset":"","ocean_menu_typo_font_size":0,"ocean_menu_typo_font_size_tablet":0,"ocean_menu_typo_font_size_mobile":0,"ocean_menu_typo_font_size_unit":"px","ocean_menu_typo_font_weight":"","ocean_menu_typo_font_weight_tablet":"","ocean_menu_typo_font_weight_mobile":"","ocean_menu_typo_transform":"","ocean_menu_typo_transform_tablet":"","ocean_menu_typo_transform_mobile":"","ocean_menu_typo_line_height":0,"ocean_menu_typo_line_height_tablet":0,"ocean_menu_typo_line_height_mobile":0,"ocean_menu_typo_line_height_unit":"","ocean_menu_typo_spacing":0,"ocean_menu_typo_spacing_tablet":0,"ocean_menu_typo_spacing_mobile":0,"ocean_menu_typo_spacing_unit":"","ocean_menu_link_color":"","ocean_menu_link_color_hover":"","ocean_menu_link_color_active":"","ocean_menu_link_background":"","ocean_menu_link_hover_background":"","ocean_menu_link_active_background":"","ocean_menu_social_links_bg":"","ocean_menu_social_hover_links_bg":"","ocean_menu_social_links_color":"","ocean_menu_social_hover_links_color":"","ocean_disable_title":"on","ocean_disable_heading":"default","ocean_post_title":"","ocean_post_subheading":"","ocean_post_title_style":"","ocean_post_title_background_color":"","ocean_post_title_background":0,"ocean_post_title_bg_image_position":"","ocean_post_title_bg_image_attachment":"","ocean_post_title_bg_image_repeat":"","ocean_post_title_bg_image_size":"","ocean_post_title_height":0,"ocean_post_title_bg_overlay":0.5,"ocean_post_title_bg_overlay_color":"","ocean_disable_breadcrumbs":"off","ocean_breadcrumbs_color":"","ocean_breadcrumbs_separator_color":"","ocean_breadcrumbs_links_color":"","ocean_breadcrumbs_links_hover_color":"","ocean_display_footer_widgets":"default","ocean_display_footer_bottom":"default","ocean_custom_footer_template":"","footnotes":""},"class_list":["post-2378","page","type-page","status-publish","hentry","entry"],"yoast_head":"<!-- This site is optimized with the Yoast SEO plugin v25.0 - https:\/\/yoast.com\/wordpress\/plugins\/seo\/ -->\n<title>Taping piersi - Karolina Sku\u0142a - Po\u0142o\u017cna Rodzinna<\/title>\n<meta name=\"robots\" content=\"index, follow, max-snippet:-1, max-image-preview:large, max-video-preview:-1\" \/>\n<link rel=\"canonical\" href=\"https:\/\/bieszczadzkapolozna.pl\/index.php\/taping-piersi\/\" \/>\n<meta property=\"og:locale\" content=\"pl_PL\" \/>\n<meta property=\"og:type\" content=\"article\" \/>\n<meta property=\"og:title\" content=\"Taping piersi - Karolina Sku\u0142a - Po\u0142o\u017cna Rodzinna\" \/>\n<meta property=\"og:description\" content=\"Taping piersi zastosowanie ta\u015bm elastycznych w celu pomocy w redukcji obrz\u0119ku lub poprawy komfortu podczas nawa\u0142u. Zastosowanie ta\u015bmy (tzw. &#8222;taping&#8221;) mo\u017ce pom\u00f3c w utrzymaniu lekkiego ucisku, co z kolei mo\u017ce wspom\u00f3c kontrolowanie obrz\u0119ku. Wa\u017cne jest r\u00f3wnie\u017c, aby zidentyfikowa\u0107 przyczyn\u0119 obrz\u0119ku i leczy\u0107 j\u0105 odpowiednio. Zarezerwuj wizyt\u0119 Koszt wizyty 150z\u0142 Czas trwania 1h Skontaktuj si\u0119\" \/>\n<meta property=\"og:url\" content=\"https:\/\/bieszczadzkapolozna.pl\/index.php\/taping-piersi\/\" \/>\n<meta property=\"og:site_name\" content=\"Karolina Sku\u0142a - Po\u0142o\u017cna Rodzinna\" \/>\n<meta property=\"article:modified_time\" content=\"2025-04-13T05:46:50+00:00\" \/>\n<meta property=\"og:image\" content=\"https:\/\/bieszczadzkapolozna.pl\/wp-content\/uploads\/2024\/01\/porada-laktacyjna-1.jpeg\" \/>\n\t<meta property=\"og:image:width\" content=\"2304\" \/>\n\t<meta property=\"og:image:height\" content=\"1536\" \/>\n\t<meta property=\"og:image:type\" content=\"image\/jpeg\" \/>\n<meta name=\"twitter:card\" content=\"summary_large_image\" \/>\n<script type=\"application\/ld+json\" class=\"yoast-schema-graph\">{\"@context\":\"https:\/\/schema.org\",\"@graph\":[{\"@type\":\"WebPage\",\"@id\":\"https:\/\/bieszczadzkapolozna.pl\/index.php\/taping-piersi\/\",\"url\":\"https:\/\/bieszczadzkapolozna.pl\/index.php\/taping-piersi\/\",\"name\":\"Taping piersi - Karolina Sku\u0142a - Po\u0142o\u017cna Rodzinna\",\"isPartOf\":{\"@id\":\"https:\/\/bieszczadzkapolozna.pl\/#website\"},\"primaryImageOfPage\":{\"@id\":\"https:\/\/bieszczadzkapolozna.pl\/index.php\/taping-piersi\/#primaryimage\"},\"image\":{\"@id\":\"https:\/\/bieszczadzkapolozna.pl\/index.php\/taping-piersi\/#primaryimage\"},\"thumbnailUrl\":\"https:\/\/bieszczadzkapolozna.pl\/wp-content\/uploads\/2024\/01\/porada-laktacyjna-1-1024x683.jpeg\",\"datePublished\":\"2024-01-04T11:35:48+00:00\",\"dateModified\":\"2025-04-13T05:46:50+00:00\",\"breadcrumb\":{\"@id\":\"https:\/\/bieszczadzkapolozna.pl\/index.php\/taping-piersi\/#breadcrumb\"},\"inLanguage\":\"pl-PL\",\"potentialAction\":[{\"@type\":\"ReadAction\",\"target\":[\"https:\/\/bieszczadzkapolozna.pl\/index.php\/taping-piersi\/\"]}]},{\"@type\":\"ImageObject\",\"inLanguage\":\"pl-PL\",\"@id\":\"https:\/\/bieszczadzkapolozna.pl\/index.php\/taping-piersi\/#primaryimage\",\"url\":\"https:\/\/bieszczadzkapolozna.pl\/wp-content\/uploads\/2024\/01\/porada-laktacyjna-1.jpeg\",\"contentUrl\":\"https:\/\/bieszczadzkapolozna.pl\/wp-content\/uploads\/2024\/01\/porada-laktacyjna-1.jpeg\",\"width\":2304,\"height\":1536},{\"@type\":\"BreadcrumbList\",\"@id\":\"https:\/\/bieszczadzkapolozna.pl\/index.php\/taping-piersi\/#breadcrumb\",\"itemListElement\":[{\"@type\":\"ListItem\",\"position\":1,\"name\":\"Strona g\u0142\u00f3wna\",\"item\":\"https:\/\/bieszczadzkapolozna.pl\/\"},{\"@type\":\"ListItem\",\"position\":2,\"name\":\"Taping piersi\"}]},{\"@type\":\"WebSite\",\"@id\":\"https:\/\/bieszczadzkapolozna.pl\/#website\",\"url\":\"https:\/\/bieszczadzkapolozna.pl\/\",\"name\":\"Karolina Sku\u0142a - Po\u0142o\u017cna Rodzinna\",\"description\":\"Bieszczadzka Po\u0142o\u017cna\",\"publisher\":{\"@id\":\"https:\/\/bieszczadzkapolozna.pl\/#organization\"},\"potentialAction\":[{\"@type\":\"SearchAction\",\"target\":{\"@type\":\"EntryPoint\",\"urlTemplate\":\"https:\/\/bieszczadzkapolozna.pl\/?s={search_term_string}\"},\"query-input\":{\"@type\":\"PropertyValueSpecification\",\"valueRequired\":true,\"valueName\":\"search_term_string\"}}],\"inLanguage\":\"pl-PL\"},{\"@type\":\"Organization\",\"@id\":\"https:\/\/bieszczadzkapolozna.pl\/#organization\",\"name\":\"Karolina Sku\u0142a - Po\u0142o\u017cna Rodzinna\",\"url\":\"https:\/\/bieszczadzkapolozna.pl\/\",\"logo\":{\"@type\":\"ImageObject\",\"inLanguage\":\"pl-PL\",\"@id\":\"https:\/\/bieszczadzkapolozna.pl\/#\/schema\/logo\/image\/\",\"url\":\"https:\/\/bieszczadzkapolozna.pl\/wp-content\/uploads\/2021\/08\/logo12-1.png\",\"contentUrl\":\"https:\/\/bieszczadzkapolozna.pl\/wp-content\/uploads\/2021\/08\/logo12-1.png\",\"width\":400,\"height\":207,\"caption\":\"Karolina Sku\u0142a - Po\u0142o\u017cna Rodzinna\"},\"image\":{\"@id\":\"https:\/\/bieszczadzkapolozna.pl\/#\/schema\/logo\/image\/\"}}]}<\/script>\n<!-- \/ Yoast SEO plugin. -->","yoast_head_json":{"title":"Taping piersi - Karolina Sku\u0142a - Po\u0142o\u017cna Rodzinna","robots":{"index":"index","follow":"follow","max-snippet":"max-snippet:-1","max-image-preview":"max-image-preview:large","max-video-preview":"max-video-preview:-1"},"canonical":"https:\/\/bieszczadzkapolozna.pl\/index.php\/taping-piersi\/","og_locale":"pl_PL","og_type":"article","og_title":"Taping piersi - Karolina Sku\u0142a - Po\u0142o\u017cna Rodzinna","og_description":"Taping piersi zastosowanie ta\u015bm elastycznych w celu pomocy w redukcji obrz\u0119ku lub poprawy komfortu podczas nawa\u0142u. Zastosowanie ta\u015bmy (tzw. &#8222;taping&#8221;) mo\u017ce pom\u00f3c w utrzymaniu lekkiego ucisku, co z kolei mo\u017ce wspom\u00f3c kontrolowanie obrz\u0119ku. Wa\u017cne jest r\u00f3wnie\u017c, aby zidentyfikowa\u0107 przyczyn\u0119 obrz\u0119ku i leczy\u0107 j\u0105 odpowiednio. Zarezerwuj wizyt\u0119 Koszt wizyty 150z\u0142 Czas trwania 1h Skontaktuj si\u0119","og_url":"https:\/\/bieszczadzkapolozna.pl\/index.php\/taping-piersi\/","og_site_name":"Karolina Sku\u0142a - Po\u0142o\u017cna Rodzinna","article_modified_time":"2025-04-13T05:46:50+00:00","og_image":[{"width":2304,"height":1536,"url":"https:\/\/bieszczadzkapolozna.pl\/wp-content\/uploads\/2024\/01\/porada-laktacyjna-1.jpeg","type":"image\/jpeg"}],"twitter_card":"summary_large_image","schema":{"@context":"https:\/\/schema.org","@graph":[{"@type":"WebPage","@id":"https:\/\/bieszczadzkapolozna.pl\/index.php\/taping-piersi\/","url":"https:\/\/bieszczadzkapolozna.pl\/index.php\/taping-piersi\/","name":"Taping piersi - Karolina Sku\u0142a - Po\u0142o\u017cna Rodzinna","isPartOf":{"@id":"https:\/\/bieszczadzkapolozna.pl\/#website"},"primaryImageOfPage":{"@id":"https:\/\/bieszczadzkapolozna.pl\/index.php\/taping-piersi\/#primaryimage"},"image":{"@id":"https:\/\/bieszczadzkapolozna.pl\/index.php\/taping-piersi\/#primaryimage"},"thumbnailUrl":"https:\/\/bieszczadzkapolozna.pl\/wp-content\/uploads\/2024\/01\/porada-laktacyjna-1-1024x683.jpeg","datePublished":"2024-01-04T11:35:48+00:00","dateModified":"2025-04-13T05:46:50+00:00","breadcrumb":{"@id":"https:\/\/bieszczadzkapolozna.pl\/index.php\/taping-piersi\/#breadcrumb"},"inLanguage":"pl-PL","potentialAction":[{"@type":"ReadAction","target":["https:\/\/bieszczadzkapolozna.pl\/index.php\/taping-piersi\/"]}]},{"@type":"ImageObject","inLanguage":"pl-PL","@id":"https:\/\/bieszczadzkapolozna.pl\/index.php\/taping-piersi\/#primaryimage","url":"https:\/\/bieszczadzkapolozna.pl\/wp-content\/uploads\/2024\/01\/porada-laktacyjna-1.jpeg","contentUrl":"https:\/\/bieszczadzkapolozna.pl\/wp-content\/uploads\/2024\/01\/porada-laktacyjna-1.jpeg","width":2304,"height":1536},{"@type":"BreadcrumbList","@id":"https:\/\/bieszczadzkapolozna.pl\/index.php\/taping-piersi\/#breadcrumb","itemListElement":[{"@type":"ListItem","position":1,"name":"Strona g\u0142\u00f3wna","item":"https:\/\/bieszczadzkapolozna.pl\/"},{"@type":"ListItem","position":2,"name":"Taping piersi"}]},{"@type":"WebSite","@id":"https:\/\/bieszczadzkapolozna.pl\/#website","url":"https:\/\/bieszczadzkapolozna.pl\/","name":"Karolina Sku\u0142a - Po\u0142o\u017cna Rodzinna","description":"Bieszczadzka Po\u0142o\u017cna","publisher":{"@id":"https:\/\/bieszczadzkapolozna.pl\/#organization"},"potentialAction":[{"@type":"SearchAction","target":{"@type":"EntryPoint","urlTemplate":"https:\/\/bieszczadzkapolozna.pl\/?s={search_term_string}"},"query-input":{"@type":"PropertyValueSpecification","valueRequired":true,"valueName":"search_term_string"}}],"inLanguage":"pl-PL"},{"@type":"Organization","@id":"https:\/\/bieszczadzkapolozna.pl\/#organization","name":"Karolina Sku\u0142a - Po\u0142o\u017cna Rodzinna","url":"https:\/\/bieszczadzkapolozna.pl\/","logo":{"@type":"ImageObject","inLanguage":"pl-PL","@id":"https:\/\/bieszczadzkapolozna.pl\/#\/schema\/logo\/image\/","url":"https:\/\/bieszczadzkapolozna.pl\/wp-content\/uploads\/2021\/08\/logo12-1.png","contentUrl":"https:\/\/bieszczadzkapolozna.pl\/wp-content\/uploads\/2021\/08\/logo12-1.png","width":400,"height":207,"caption":"Karolina Sku\u0142a - Po\u0142o\u017cna Rodzinna"},"image":{"@id":"https:\/\/bieszczadzkapolozna.pl\/#\/schema\/logo\/image\/"}}]}},"_links":{"self":[{"href":"https:\/\/bieszczadzkapolozna.pl\/index.php\/wp-json\/wp\/v2\/pages\/2378","targetHints":{"allow":["GET"]}}],"collection":[{"href":"https:\/\/bieszczadzkapolozna.pl\/index.php\/wp-json\/wp\/v2\/pages"}],"about":[{"href":"https:\/\/bieszczadzkapolozna.pl\/index.php\/wp-json\/wp\/v2\/types\/page"}],"author":[{"embeddable":true,"href":"https:\/\/bieszczadzkapolozna.pl\/index.php\/wp-json\/wp\/v2\/users\/1"}],"replies":[{"embeddable":true,"href":"https:\/\/bieszczadzkapolozna.pl\/index.php\/wp-json\/wp\/v2\/comments?post=2378"}],"version-history":[{"count":11,"href":"https:\/\/bieszczadzkapolozna.pl\/index.php\/wp-json\/wp\/v2\/pages\/2378\/revisions"}],"predecessor-version":[{"id":4306,"href":"https:\/\/bieszczadzkapolozna.pl\/index.php\/wp-json\/wp\/v2\/pages\/2378\/revisions\/4306"}],"wp:attachment":[{"href":"https:\/\/bieszczadzkapolozna.pl\/index.php\/wp-json\/wp\/v2\/media?parent=2378"}],"curies":[{"name":"wp","href":"https:\/\/api.w.org\/{rel}","templated":true}]}}