{"id":2527,"date":"2024-01-05T16:13:08","date_gmt":"2024-01-05T16:13:08","guid":{"rendered":"https:\/\/bieszczadzkapolozna.pl\/?page_id=2527"},"modified":"2025-10-18T18:28:01","modified_gmt":"2025-10-18T18:28:01","slug":"i-okres-porodu-w-domu-z-polozna","status":"publish","type":"page","link":"https:\/\/bieszczadzkapolozna.pl\/index.php\/i-okres-porodu-w-domu-z-polozna\/","title":{"rendered":"I okres porodu w domu z po\u0142o\u017cn\u0105"},"content":{"rendered":"\t\t<div data-elementor-type=\"wp-page\" data-elementor-id=\"2527\" class=\"elementor elementor-2527\" data-elementor-post-type=\"page\">\n\t\t\t\t\t\t<section class=\"elementor-section elementor-top-section elementor-element elementor-element-502d70ad elementor-section-content-middle elementor-section-boxed elementor-section-height-default elementor-section-height-default\" data-id=\"502d70ad\" data-element_type=\"section\" data-settings=\"{&quot;background_background&quot;:&quot;classic&quot;}\">\n\t\t\t\t\t\t\t<div class=\"elementor-background-overlay\"><\/div>\n\t\t\t\t\t\t\t<div class=\"elementor-container elementor-column-gap-wider\">\n\t\t\t\t\t<div class=\"elementor-column elementor-col-50 elementor-top-column elementor-element elementor-element-6aae028\" data-id=\"6aae028\" data-element_type=\"column\" data-settings=\"{&quot;animation&quot;:&quot;none&quot;}\">\n\t\t\t<div class=\"elementor-widget-wrap elementor-element-populated\">\n\t\t\t\t\t\t<div class=\"elementor-element elementor-element-13bf26bf elementor-widget elementor-widget-heading\" data-id=\"13bf26bf\" data-element_type=\"widget\" data-widget_type=\"heading.default\">\n\t\t\t\t<div class=\"elementor-widget-container\">\n\t\t\t\t\t<h2 class=\"elementor-heading-title elementor-size-default\">Towarzyszenie w czasie I okresu porodu w domu lub porodu w szpitalu<\/h2>\t\t\t\t<\/div>\n\t\t\t\t<\/div>\n\t\t\t\t<div class=\"elementor-element elementor-element-79b0c567 elementor-widget elementor-widget-heading\" data-id=\"79b0c567\" data-element_type=\"widget\" data-settings=\"{&quot;_animation&quot;:&quot;none&quot;,&quot;_animation_delay&quot;:150}\" data-widget_type=\"heading.default\">\n\t\t\t\t<div class=\"elementor-widget-container\">\n\t\t\t\t\t<h2 class=\"elementor-heading-title elementor-size-default\">Chcecie razem z parterem sp\u0119dzi\u0107 jak najwi\u0119cej czasu razem? Marzy ci si\u0119 por\u00f3d w domu, jednak z jakiego\u015b powodu nie jest on mo\u017cliwy? Chcia\u0142aby\u015b \u015bwiadomie prze\u017cy\u0107 por\u00f3d, skorzysta\u0107 z pozycji wertykalnych, a w odpowiednim momencie pojecha\u0107 do szpitala i tam urodzi\u0107 malucha?<br><br>\nA mo\u017ce chcia\u0142a\u015b skorzysta\u0107 z profesjonalnego wsparcia podczas porodu w szpitalu? \n<br><br>\n<b>Mog\u0119 ci to umo\u017cliwi\u0107!<br>\n<\/b>Sp\u0119dzimy wsp\u00f3lnie I okres porodu, przyjad\u0119 do was kiedy b\u0119dziecie mnie potrzebowa\u0107. B\u0119d\u0119 czuwa\u0107 nad prawid\u0142owym przebiegiem porodu, oraz twoim dobrym samopoczuciem.<br><br>\n<b>Co mog\u0119 wam zaoferowa\u0107:<\/b>\n- os\u0142uchiwanie i ocen\u0119 czynno\u015bci serca malucha\n- ocen\u0119 po\u0142o\u017cenia dziecka poprzez badanie chwytami Leopolda\n- ocen\u0119 zaawansowania porodu poprzez badanie wewn\u0119trzne\n- kontrola ci\u0105g\u0142o\u015bci p\u0119cherza p\u0142odowego.\nPo badaniu, oraz rozmowie z wami zdecydujemy czy zostajecie w domu, czy jednak chcecie jecha\u0107 do szpitala.<br><br>\nW domu b\u0119dziemy korzysta\u0107 z wszystkich jego zalet: b\u0119d\u0119 wam proponowa\u0107 pozycje, kt\u00f3re mog\u0105 pom\u00f3c maluchowi oraz tobie w jak najlepszym przebiegu porodu, oferuj\u0119 masa\u017c z u\u017cyciem olejk\u00f3w eterycznych, u\u017cyjemy chusty Rebozo, sprawdzimy czy oddech mo\u017ce ci pom\u00f3c w \u0142agodzeniu b\u00f3lu, mo\u017cemy te\u017c u\u017cy\u0107 aparatu Tens.<br><br>\nWcze\u015bniej spotkamy si\u0119 w gabinecie, aby om\u00f3wi\u0107 kwalifikacj\u0119, bezpiecze\u0144stwo oraz sytuacje, kiedy wyjazd do szpitala jest konieczny.\n\n<br><br>\nMog\u0119 r\u00f3wnie\u017c towarzyszy\u0107 wam podczas porodu w szpitalu jako wsparcie (doula). Szczeg\u00f3\u0142y ustalamy na spotkaniu, na kt\u00f3rym om\u00f3wimy twoje potrzeby porodowe, a ja przedstawi\u0119 wsparcie, kt\u00f3re mog\u0119 wam zaoferowa\u0107, oraz porozmawiamy o wyborze szpitala do porodu.\n\n<br><br>\n<\/h2>\t\t\t\t<\/div>\n\t\t\t\t<\/div>\n\t\t\t\t<div class=\"elementor-element elementor-element-7155069e elementor-align-left elementor-widget elementor-widget-button\" data-id=\"7155069e\" data-element_type=\"widget\" data-widget_type=\"button.default\">\n\t\t\t\t<div class=\"elementor-widget-container\">\n\t\t\t\t\t\t\t\t\t<div class=\"elementor-button-wrapper\">\n\t\t\t\t\t<a class=\"elementor-button elementor-button-link elementor-size-sm\" href=\"https:\/\/calendar.app.google\/dnQ6meJRMkdsLatJ6\">\n\t\t\t\t\t\t<span class=\"elementor-button-content-wrapper\">\n\t\t\t\t\t\t<span class=\"elementor-button-icon\">\n\t\t\t\t<i aria-hidden=\"true\" class=\"fas fa-long-arrow-alt-right\"><\/i>\t\t\t<\/span>\n\t\t\t\t\t\t\t\t\t<span class=\"elementor-button-text\">Zarezerwuj wizyt\u0119<\/span>\n\t\t\t\t\t<\/span>\n\t\t\t\t\t<\/a>\n\t\t\t\t<\/div>\n\t\t\t\t\t\t\t\t<\/div>\n\t\t\t\t<\/div>\n\t\t\t\t\t<\/div>\n\t\t<\/div>\n\t\t\t\t<div class=\"elementor-column elementor-col-50 elementor-top-column elementor-element elementor-element-4c14bb0f\" data-id=\"4c14bb0f\" data-element_type=\"column\">\n\t\t\t<div class=\"elementor-widget-wrap elementor-element-populated\">\n\t\t\t\t\t\t<div class=\"elementor-element elementor-element-4bb376e9 elementor-widget elementor-widget-image\" data-id=\"4bb376e9\" data-element_type=\"widget\" data-widget_type=\"image.default\">\n\t\t\t\t<div class=\"elementor-widget-container\">\n\t\t\t\t\t\t\t\t\t\t\t\t\t\t\t<img fetchpriority=\"high\" decoding=\"async\" width=\"372\" height=\"367\" src=\"https:\/\/bieszczadzkapolozna.pl\/wp-content\/uploads\/2024\/01\/1-okres-porodu-1-1.jpg\" class=\"attachment-large size-large wp-image-2585\" alt=\"\" srcset=\"https:\/\/bieszczadzkapolozna.pl\/wp-content\/uploads\/2024\/01\/1-okres-porodu-1-1.jpg 372w, https:\/\/bieszczadzkapolozna.pl\/wp-content\/uploads\/2024\/01\/1-okres-porodu-1-1-300x296.jpg 300w\" sizes=\"(max-width: 372px) 100vw, 372px\" \/>\t\t\t\t\t\t\t\t\t\t\t\t\t\t\t<\/div>\n\t\t\t\t<\/div>\n\t\t\t\t<section class=\"elementor-section elementor-inner-section elementor-element elementor-element-275df81 elementor-section-boxed elementor-section-height-default elementor-section-height-default\" data-id=\"275df81\" data-element_type=\"section\">\n\t\t\t\t\t\t<div class=\"elementor-container elementor-column-gap-default\">\n\t\t\t\t\t<div class=\"elementor-column elementor-col-100 elementor-inner-column elementor-element elementor-element-9b25616\" data-id=\"9b25616\" data-element_type=\"column\">\n\t\t\t<div class=\"elementor-widget-wrap elementor-element-populated\">\n\t\t\t\t\t\t<div class=\"elementor-element elementor-element-f1b4f6d elementor-widget elementor-widget-text-editor\" data-id=\"f1b4f6d\" data-element_type=\"widget\" data-widget_type=\"text-editor.default\">\n\t\t\t\t<div class=\"elementor-widget-container\">\n\t\t\t\t\t\t\t\t\t<p><strong>wizyta z kwalifikacj\u0105 \/ gotowo\u015b\u0107 porodowa w terminie<br \/>37-41 tydzie\u0144 ci\u0105\u017cy \/ I okres porodu w domu lub towarzyszenie w szpitalu<\/strong><\/p>\t\t\t\t\t\t\t\t<\/div>\n\t\t\t\t<\/div>\n\t\t\t\t<div class=\"elementor-element elementor-element-eb84aac elementor-widget elementor-widget-heading\" data-id=\"eb84aac\" data-element_type=\"widget\" data-widget_type=\"heading.default\">\n\t\t\t\t<div class=\"elementor-widget-container\">\n\t\t\t\t\t<h2 class=\"elementor-heading-title elementor-size-default\">1800 z\u0142<\/h2>\t\t\t\t<\/div>\n\t\t\t\t<\/div>\n\t\t\t\t\t<\/div>\n\t\t<\/div>\n\t\t\t\t\t<\/div>\n\t\t<\/section>\n\t\t\t\t<div class=\"elementor-element elementor-element-33aaad4b elementor-align-left elementor-mobile-align-left elementor-widget__width-auto elementor-widget elementor-widget-button\" data-id=\"33aaad4b\" data-element_type=\"widget\" data-widget_type=\"button.default\">\n\t\t\t\t<div class=\"elementor-widget-container\">\n\t\t\t\t\t\t\t\t\t<div class=\"elementor-button-wrapper\">\n\t\t\t\t\t<a class=\"elementor-button elementor-button-link elementor-size-sm\" href=\"https:\/\/bieszczadzkapolozna.pl\/index.php\/kontakt\/\">\n\t\t\t\t\t\t<span class=\"elementor-button-content-wrapper\">\n\t\t\t\t\t\t\t\t\t<span class=\"elementor-button-text\">Skontaktuj si\u0119<\/span>\n\t\t\t\t\t<\/span>\n\t\t\t\t\t<\/a>\n\t\t\t\t<\/div>\n\t\t\t\t\t\t\t\t<\/div>\n\t\t\t\t<\/div>\n\t\t\t\t<div class=\"elementor-element elementor-element-257ed6 elementor-align-left elementor-mobile-align-left elementor-widget__width-auto elementor-widget elementor-widget-button\" data-id=\"257ed6\" data-element_type=\"widget\" data-widget_type=\"button.default\">\n\t\t\t\t<div class=\"elementor-widget-container\">\n\t\t\t\t\t\t\t\t\t<div class=\"elementor-button-wrapper\">\n\t\t\t\t\t<a class=\"elementor-button elementor-button-link elementor-size-sm\" href=\"https:\/\/bieszczadzkapolozna.pl\/index.php\/cennik\/\">\n\t\t\t\t\t\t<span class=\"elementor-button-content-wrapper\">\n\t\t\t\t\t\t\t\t\t<span class=\"elementor-button-text\">Cennik<\/span>\n\t\t\t\t\t<\/span>\n\t\t\t\t\t<\/a>\n\t\t\t\t<\/div>\n\t\t\t\t\t\t\t\t<\/div>\n\t\t\t\t<\/div>\n\t\t\t\t\t<\/div>\n\t\t<\/div>\n\t\t\t\t\t<\/div>\n\t\t<\/section>\n\t\t\t\t<section class=\"elementor-section elementor-top-section elementor-element elementor-element-72a5fbd8 elementor-section-content-middle elementor-section-boxed elementor-section-height-default elementor-section-height-default\" data-id=\"72a5fbd8\" data-element_type=\"section\" data-settings=\"{&quot;background_background&quot;:&quot;classic&quot;}\">\n\t\t\t\t\t\t\t<div class=\"elementor-background-overlay\"><\/div>\n\t\t\t\t\t\t\t<div class=\"elementor-container elementor-column-gap-wider\">\n\t\t\t\t\t<div class=\"elementor-column elementor-col-100 elementor-top-column elementor-element elementor-element-d302930\" data-id=\"d302930\" data-element_type=\"column\">\n\t\t\t<div class=\"elementor-widget-wrap elementor-element-populated\">\n\t\t\t\t\t\t<div class=\"elementor-element elementor-element-699cc3c4 elementor-post-navigation-borders-yes elementor-widget elementor-widget-post-navigation\" data-id=\"699cc3c4\" data-element_type=\"widget\" data-widget_type=\"post-navigation.default\">\n\t\t\t\t<div class=\"elementor-widget-container\">\n\t\t\t\t\t\t\t<div class=\"elementor-post-navigation\">\n\t\t\t<div class=\"elementor-post-navigation__prev elementor-post-navigation__link\">\n\t\t\t\t<a href=\"https:\/\/bieszczadzkapolozna.pl\/index.php\/taping-piersi\/\" rel=\"prev\"><span class=\"post-navigation__arrow-wrapper post-navigation__arrow-prev\"><i class=\"fa fa-angle-left\" aria-hidden=\"true\"><\/i><span class=\"elementor-screen-only\">Prev<\/span><\/span><span class=\"elementor-post-navigation__link__prev\"><span class=\"post-navigation__prev--label\">Poprzednie<\/span><span class=\"post-navigation__prev--title\">Taping piersi<\/span><\/span><\/a>\t\t\t<\/div>\n\t\t\t\t\t\t\t<div class=\"elementor-post-navigation__separator-wrapper\">\n\t\t\t\t\t<div class=\"elementor-post-navigation__separator\"><\/div>\n\t\t\t\t<\/div>\n\t\t\t\t\t\t<div class=\"elementor-post-navigation__next elementor-post-navigation__link\">\n\t\t\t\t<a href=\"https:\/\/bieszczadzkapolozna.pl\/index.php\/indywidualne-przygotowanie-do-porodu-i-opieki-nad-noworodkiem\/\" rel=\"next\"><span class=\"elementor-post-navigation__link__next\"><span class=\"post-navigation__next--label\">Nast\u0119pne<\/span><span class=\"post-navigation__next--title\">Indywidualne przygotowanie do porodu i opieki nad noworodkiem<\/span><\/span><span class=\"post-navigation__arrow-wrapper post-navigation__arrow-next\"><i class=\"fa fa-angle-right\" aria-hidden=\"true\"><\/i><span class=\"elementor-screen-only\">Next<\/span><\/span><\/a>\t\t\t<\/div>\n\t\t<\/div>\n\t\t\t\t\t\t<\/div>\n\t\t\t\t<\/div>\n\t\t\t\t\t<\/div>\n\t\t<\/div>\n\t\t\t\t\t<\/div>\n\t\t<\/section>\n\t\t\t\t<\/div>\n\t\t","protected":false},"excerpt":{"rendered":"<p>Towarzyszenie w czasie I okresu porodu w domu lub porodu w szpitalu Chcecie razem z parterem sp\u0119dzi\u0107 jak najwi\u0119cej czasu razem? Marzy ci si\u0119 por\u00f3d w domu, jednak z jakiego\u015b powodu nie jest on mo\u017cliwy? Chcia\u0142aby\u015b \u015bwiadomie prze\u017cy\u0107 por\u00f3d, skorzysta\u0107 z pozycji wertykalnych, a w odpowiednim momencie pojecha\u0107 do szpitala i tam urodzi\u0107 malucha? A [&hellip;]<\/p>\n","protected":false},"author":1,"featured_media":0,"parent":0,"menu_order":0,"comment_status":"closed","ping_status":"closed","template":"","meta":{"_monsterinsights_skip_tracking":false,"_monsterinsights_sitenote_active":false,"_monsterinsights_sitenote_note":"","_monsterinsights_sitenote_category":0,"ocean_post_layout":"full-screen","ocean_both_sidebars_style":"","ocean_both_sidebars_content_width":0,"ocean_both_sidebars_sidebars_width":0,"ocean_sidebar":"","ocean_second_sidebar":"","ocean_disable_margins":"on","ocean_add_body_class":"","ocean_shortcode_before_top_bar":"","ocean_shortcode_after_top_bar":"","ocean_shortcode_before_header":"","ocean_shortcode_after_header":"","ocean_has_shortcode":"","ocean_shortcode_after_title":"","ocean_shortcode_before_footer_widgets":"","ocean_shortcode_after_footer_widgets":"","ocean_shortcode_before_footer_bottom":"","ocean_shortcode_after_footer_bottom":"","ocean_display_top_bar":"default","ocean_display_header":"default","ocean_header_style":"","ocean_center_header_left_menu":"","ocean_custom_header_template":"","ocean_custom_logo":0,"ocean_custom_retina_logo":0,"ocean_custom_logo_max_width":0,"ocean_custom_logo_tablet_max_width":0,"ocean_custom_logo_mobile_max_width":0,"ocean_custom_logo_max_height":0,"ocean_custom_logo_tablet_max_height":0,"ocean_custom_logo_mobile_max_height":0,"ocean_header_custom_menu":"","ocean_menu_typo_font_family":"","ocean_menu_typo_font_subset":"","ocean_menu_typo_font_size":0,"ocean_menu_typo_font_size_tablet":0,"ocean_menu_typo_font_size_mobile":0,"ocean_menu_typo_font_size_unit":"px","ocean_menu_typo_font_weight":"","ocean_menu_typo_font_weight_tablet":"","ocean_menu_typo_font_weight_mobile":"","ocean_menu_typo_transform":"","ocean_menu_typo_transform_tablet":"","ocean_menu_typo_transform_mobile":"","ocean_menu_typo_line_height":0,"ocean_menu_typo_line_height_tablet":0,"ocean_menu_typo_line_height_mobile":0,"ocean_menu_typo_line_height_unit":"","ocean_menu_typo_spacing":0,"ocean_menu_typo_spacing_tablet":0,"ocean_menu_typo_spacing_mobile":0,"ocean_menu_typo_spacing_unit":"","ocean_menu_link_color":"","ocean_menu_link_color_hover":"","ocean_menu_link_color_active":"","ocean_menu_link_background":"","ocean_menu_link_hover_background":"","ocean_menu_link_active_background":"","ocean_menu_social_links_bg":"","ocean_menu_social_hover_links_bg":"","ocean_menu_social_links_color":"","ocean_menu_social_hover_links_color":"","ocean_disable_title":"on","ocean_disable_heading":"default","ocean_post_title":"","ocean_post_subheading":"","ocean_post_title_style":"","ocean_post_title_background_color":"","ocean_post_title_background":0,"ocean_post_title_bg_image_position":"","ocean_post_title_bg_image_attachment":"","ocean_post_title_bg_image_repeat":"","ocean_post_title_bg_image_size":"","ocean_post_title_height":0,"ocean_post_title_bg_overlay":0.5,"ocean_post_title_bg_overlay_color":"","ocean_disable_breadcrumbs":"off","ocean_breadcrumbs_color":"","ocean_breadcrumbs_separator_color":"","ocean_breadcrumbs_links_color":"","ocean_breadcrumbs_links_hover_color":"","ocean_display_footer_widgets":"default","ocean_display_footer_bottom":"default","ocean_custom_footer_template":"","footnotes":""},"class_list":["post-2527","page","type-page","status-publish","hentry","entry"],"yoast_head":"<!-- This site is optimized with the Yoast SEO plugin v25.0 - https:\/\/yoast.com\/wordpress\/plugins\/seo\/ -->\n<title>I okres porodu w domu z po\u0142o\u017cn\u0105 - Karolina Sku\u0142a - Po\u0142o\u017cna Rodzinna<\/title>\n<meta name=\"robots\" content=\"index, follow, max-snippet:-1, max-image-preview:large, max-video-preview:-1\" \/>\n<link rel=\"canonical\" href=\"https:\/\/bieszczadzkapolozna.pl\/index.php\/i-okres-porodu-w-domu-z-polozna\/\" \/>\n<meta property=\"og:locale\" content=\"pl_PL\" \/>\n<meta property=\"og:type\" content=\"article\" \/>\n<meta property=\"og:title\" content=\"I okres porodu w domu z po\u0142o\u017cn\u0105 - Karolina Sku\u0142a - Po\u0142o\u017cna Rodzinna\" \/>\n<meta property=\"og:description\" content=\"Towarzyszenie w czasie I okresu porodu w domu lub porodu w szpitalu Chcecie razem z parterem sp\u0119dzi\u0107 jak najwi\u0119cej czasu razem? Marzy ci si\u0119 por\u00f3d w domu, jednak z jakiego\u015b powodu nie jest on mo\u017cliwy? Chcia\u0142aby\u015b \u015bwiadomie prze\u017cy\u0107 por\u00f3d, skorzysta\u0107 z pozycji wertykalnych, a w odpowiednim momencie pojecha\u0107 do szpitala i tam urodzi\u0107 malucha? A [&hellip;]\" \/>\n<meta property=\"og:url\" content=\"https:\/\/bieszczadzkapolozna.pl\/index.php\/i-okres-porodu-w-domu-z-polozna\/\" \/>\n<meta property=\"og:site_name\" content=\"Karolina Sku\u0142a - Po\u0142o\u017cna Rodzinna\" \/>\n<meta property=\"article:modified_time\" content=\"2025-10-18T18:28:01+00:00\" \/>\n<meta property=\"og:image\" content=\"https:\/\/bieszczadzkapolozna.pl\/wp-content\/uploads\/2024\/01\/1-okres-porodu-1-1.jpg\" \/>\n\t<meta property=\"og:image:width\" content=\"372\" \/>\n\t<meta property=\"og:image:height\" content=\"367\" \/>\n\t<meta property=\"og:image:type\" content=\"image\/jpeg\" \/>\n<meta name=\"twitter:card\" content=\"summary_large_image\" \/>\n<meta name=\"twitter:label1\" content=\"Szacowany czas czytania\" \/>\n\t<meta name=\"twitter:data1\" content=\"2 minuty\" \/>\n<script type=\"application\/ld+json\" class=\"yoast-schema-graph\">{\"@context\":\"https:\/\/schema.org\",\"@graph\":[{\"@type\":\"WebPage\",\"@id\":\"https:\/\/bieszczadzkapolozna.pl\/index.php\/i-okres-porodu-w-domu-z-polozna\/\",\"url\":\"https:\/\/bieszczadzkapolozna.pl\/index.php\/i-okres-porodu-w-domu-z-polozna\/\",\"name\":\"I okres porodu w domu z po\u0142o\u017cn\u0105 - Karolina Sku\u0142a - Po\u0142o\u017cna Rodzinna\",\"isPartOf\":{\"@id\":\"https:\/\/bieszczadzkapolozna.pl\/#website\"},\"primaryImageOfPage\":{\"@id\":\"https:\/\/bieszczadzkapolozna.pl\/index.php\/i-okres-porodu-w-domu-z-polozna\/#primaryimage\"},\"image\":{\"@id\":\"https:\/\/bieszczadzkapolozna.pl\/index.php\/i-okres-porodu-w-domu-z-polozna\/#primaryimage\"},\"thumbnailUrl\":\"https:\/\/bieszczadzkapolozna.pl\/wp-content\/uploads\/2024\/01\/1-okres-porodu-1-1.jpg\",\"datePublished\":\"2024-01-05T16:13:08+00:00\",\"dateModified\":\"2025-10-18T18:28:01+00:00\",\"breadcrumb\":{\"@id\":\"https:\/\/bieszczadzkapolozna.pl\/index.php\/i-okres-porodu-w-domu-z-polozna\/#breadcrumb\"},\"inLanguage\":\"pl-PL\",\"potentialAction\":[{\"@type\":\"ReadAction\",\"target\":[\"https:\/\/bieszczadzkapolozna.pl\/index.php\/i-okres-porodu-w-domu-z-polozna\/\"]}]},{\"@type\":\"ImageObject\",\"inLanguage\":\"pl-PL\",\"@id\":\"https:\/\/bieszczadzkapolozna.pl\/index.php\/i-okres-porodu-w-domu-z-polozna\/#primaryimage\",\"url\":\"https:\/\/bieszczadzkapolozna.pl\/wp-content\/uploads\/2024\/01\/1-okres-porodu-1-1.jpg\",\"contentUrl\":\"https:\/\/bieszczadzkapolozna.pl\/wp-content\/uploads\/2024\/01\/1-okres-porodu-1-1.jpg\",\"width\":372,\"height\":367},{\"@type\":\"BreadcrumbList\",\"@id\":\"https:\/\/bieszczadzkapolozna.pl\/index.php\/i-okres-porodu-w-domu-z-polozna\/#breadcrumb\",\"itemListElement\":[{\"@type\":\"ListItem\",\"position\":1,\"name\":\"Strona g\u0142\u00f3wna\",\"item\":\"https:\/\/bieszczadzkapolozna.pl\/\"},{\"@type\":\"ListItem\",\"position\":2,\"name\":\"I okres porodu w domu z po\u0142o\u017cn\u0105\"}]},{\"@type\":\"WebSite\",\"@id\":\"https:\/\/bieszczadzkapolozna.pl\/#website\",\"url\":\"https:\/\/bieszczadzkapolozna.pl\/\",\"name\":\"Karolina Sku\u0142a - Po\u0142o\u017cna Rodzinna\",\"description\":\"Bieszczadzka Po\u0142o\u017cna\",\"publisher\":{\"@id\":\"https:\/\/bieszczadzkapolozna.pl\/#organization\"},\"potentialAction\":[{\"@type\":\"SearchAction\",\"target\":{\"@type\":\"EntryPoint\",\"urlTemplate\":\"https:\/\/bieszczadzkapolozna.pl\/?s={search_term_string}\"},\"query-input\":{\"@type\":\"PropertyValueSpecification\",\"valueRequired\":true,\"valueName\":\"search_term_string\"}}],\"inLanguage\":\"pl-PL\"},{\"@type\":\"Organization\",\"@id\":\"https:\/\/bieszczadzkapolozna.pl\/#organization\",\"name\":\"Karolina Sku\u0142a - Po\u0142o\u017cna Rodzinna\",\"url\":\"https:\/\/bieszczadzkapolozna.pl\/\",\"logo\":{\"@type\":\"ImageObject\",\"inLanguage\":\"pl-PL\",\"@id\":\"https:\/\/bieszczadzkapolozna.pl\/#\/schema\/logo\/image\/\",\"url\":\"https:\/\/bieszczadzkapolozna.pl\/wp-content\/uploads\/2021\/08\/logo12-1.png\",\"contentUrl\":\"https:\/\/bieszczadzkapolozna.pl\/wp-content\/uploads\/2021\/08\/logo12-1.png\",\"width\":400,\"height\":207,\"caption\":\"Karolina Sku\u0142a - Po\u0142o\u017cna Rodzinna\"},\"image\":{\"@id\":\"https:\/\/bieszczadzkapolozna.pl\/#\/schema\/logo\/image\/\"}}]}<\/script>\n<!-- \/ Yoast SEO plugin. -->","yoast_head_json":{"title":"I okres porodu w domu z po\u0142o\u017cn\u0105 - Karolina Sku\u0142a - Po\u0142o\u017cna Rodzinna","robots":{"index":"index","follow":"follow","max-snippet":"max-snippet:-1","max-image-preview":"max-image-preview:large","max-video-preview":"max-video-preview:-1"},"canonical":"https:\/\/bieszczadzkapolozna.pl\/index.php\/i-okres-porodu-w-domu-z-polozna\/","og_locale":"pl_PL","og_type":"article","og_title":"I okres porodu w domu z po\u0142o\u017cn\u0105 - Karolina Sku\u0142a - Po\u0142o\u017cna Rodzinna","og_description":"Towarzyszenie w czasie I okresu porodu w domu lub porodu w szpitalu Chcecie razem z parterem sp\u0119dzi\u0107 jak najwi\u0119cej czasu razem? Marzy ci si\u0119 por\u00f3d w domu, jednak z jakiego\u015b powodu nie jest on mo\u017cliwy? Chcia\u0142aby\u015b \u015bwiadomie prze\u017cy\u0107 por\u00f3d, skorzysta\u0107 z pozycji wertykalnych, a w odpowiednim momencie pojecha\u0107 do szpitala i tam urodzi\u0107 malucha? A [&hellip;]","og_url":"https:\/\/bieszczadzkapolozna.pl\/index.php\/i-okres-porodu-w-domu-z-polozna\/","og_site_name":"Karolina Sku\u0142a - Po\u0142o\u017cna Rodzinna","article_modified_time":"2025-10-18T18:28:01+00:00","og_image":[{"width":372,"height":367,"url":"https:\/\/bieszczadzkapolozna.pl\/wp-content\/uploads\/2024\/01\/1-okres-porodu-1-1.jpg","type":"image\/jpeg"}],"twitter_card":"summary_large_image","twitter_misc":{"Szacowany czas czytania":"2 minuty"},"schema":{"@context":"https:\/\/schema.org","@graph":[{"@type":"WebPage","@id":"https:\/\/bieszczadzkapolozna.pl\/index.php\/i-okres-porodu-w-domu-z-polozna\/","url":"https:\/\/bieszczadzkapolozna.pl\/index.php\/i-okres-porodu-w-domu-z-polozna\/","name":"I okres porodu w domu z po\u0142o\u017cn\u0105 - Karolina Sku\u0142a - Po\u0142o\u017cna Rodzinna","isPartOf":{"@id":"https:\/\/bieszczadzkapolozna.pl\/#website"},"primaryImageOfPage":{"@id":"https:\/\/bieszczadzkapolozna.pl\/index.php\/i-okres-porodu-w-domu-z-polozna\/#primaryimage"},"image":{"@id":"https:\/\/bieszczadzkapolozna.pl\/index.php\/i-okres-porodu-w-domu-z-polozna\/#primaryimage"},"thumbnailUrl":"https:\/\/bieszczadzkapolozna.pl\/wp-content\/uploads\/2024\/01\/1-okres-porodu-1-1.jpg","datePublished":"2024-01-05T16:13:08+00:00","dateModified":"2025-10-18T18:28:01+00:00","breadcrumb":{"@id":"https:\/\/bieszczadzkapolozna.pl\/index.php\/i-okres-porodu-w-domu-z-polozna\/#breadcrumb"},"inLanguage":"pl-PL","potentialAction":[{"@type":"ReadAction","target":["https:\/\/bieszczadzkapolozna.pl\/index.php\/i-okres-porodu-w-domu-z-polozna\/"]}]},{"@type":"ImageObject","inLanguage":"pl-PL","@id":"https:\/\/bieszczadzkapolozna.pl\/index.php\/i-okres-porodu-w-domu-z-polozna\/#primaryimage","url":"https:\/\/bieszczadzkapolozna.pl\/wp-content\/uploads\/2024\/01\/1-okres-porodu-1-1.jpg","contentUrl":"https:\/\/bieszczadzkapolozna.pl\/wp-content\/uploads\/2024\/01\/1-okres-porodu-1-1.jpg","width":372,"height":367},{"@type":"BreadcrumbList","@id":"https:\/\/bieszczadzkapolozna.pl\/index.php\/i-okres-porodu-w-domu-z-polozna\/#breadcrumb","itemListElement":[{"@type":"ListItem","position":1,"name":"Strona g\u0142\u00f3wna","item":"https:\/\/bieszczadzkapolozna.pl\/"},{"@type":"ListItem","position":2,"name":"I okres porodu w domu z po\u0142o\u017cn\u0105"}]},{"@type":"WebSite","@id":"https:\/\/bieszczadzkapolozna.pl\/#website","url":"https:\/\/bieszczadzkapolozna.pl\/","name":"Karolina Sku\u0142a - Po\u0142o\u017cna Rodzinna","description":"Bieszczadzka Po\u0142o\u017cna","publisher":{"@id":"https:\/\/bieszczadzkapolozna.pl\/#organization"},"potentialAction":[{"@type":"SearchAction","target":{"@type":"EntryPoint","urlTemplate":"https:\/\/bieszczadzkapolozna.pl\/?s={search_term_string}"},"query-input":{"@type":"PropertyValueSpecification","valueRequired":true,"valueName":"search_term_string"}}],"inLanguage":"pl-PL"},{"@type":"Organization","@id":"https:\/\/bieszczadzkapolozna.pl\/#organization","name":"Karolina Sku\u0142a - Po\u0142o\u017cna Rodzinna","url":"https:\/\/bieszczadzkapolozna.pl\/","logo":{"@type":"ImageObject","inLanguage":"pl-PL","@id":"https:\/\/bieszczadzkapolozna.pl\/#\/schema\/logo\/image\/","url":"https:\/\/bieszczadzkapolozna.pl\/wp-content\/uploads\/2021\/08\/logo12-1.png","contentUrl":"https:\/\/bieszczadzkapolozna.pl\/wp-content\/uploads\/2021\/08\/logo12-1.png","width":400,"height":207,"caption":"Karolina Sku\u0142a - Po\u0142o\u017cna Rodzinna"},"image":{"@id":"https:\/\/bieszczadzkapolozna.pl\/#\/schema\/logo\/image\/"}}]}},"_links":{"self":[{"href":"https:\/\/bieszczadzkapolozna.pl\/index.php\/wp-json\/wp\/v2\/pages\/2527","targetHints":{"allow":["GET"]}}],"collection":[{"href":"https:\/\/bieszczadzkapolozna.pl\/index.php\/wp-json\/wp\/v2\/pages"}],"about":[{"href":"https:\/\/bieszczadzkapolozna.pl\/index.php\/wp-json\/wp\/v2\/types\/page"}],"author":[{"embeddable":true,"href":"https:\/\/bieszczadzkapolozna.pl\/index.php\/wp-json\/wp\/v2\/users\/1"}],"replies":[{"embeddable":true,"href":"https:\/\/bieszczadzkapolozna.pl\/index.php\/wp-json\/wp\/v2\/comments?post=2527"}],"version-history":[{"count":59,"href":"https:\/\/bieszczadzkapolozna.pl\/index.php\/wp-json\/wp\/v2\/pages\/2527\/revisions"}],"predecessor-version":[{"id":4575,"href":"https:\/\/bieszczadzkapolozna.pl\/index.php\/wp-json\/wp\/v2\/pages\/2527\/revisions\/4575"}],"wp:attachment":[{"href":"https:\/\/bieszczadzkapolozna.pl\/index.php\/wp-json\/wp\/v2\/media?parent=2527"}],"curies":[{"name":"wp","href":"https:\/\/api.w.org\/{rel}","templated":true}]}}