{"id":2672,"date":"2024-01-07T17:46:07","date_gmt":"2024-01-07T17:46:07","guid":{"rendered":"https:\/\/bieszczadzkapolozna.pl\/?page_id=2672"},"modified":"2025-10-18T18:31:40","modified_gmt":"2025-10-18T18:31:40","slug":"ginekologiczny-punkt-pobran","status":"publish","type":"page","link":"https:\/\/bieszczadzkapolozna.pl\/index.php\/ginekologiczny-punkt-pobran\/","title":{"rendered":"Ginekologiczny punkt pobra\u0144"},"content":{"rendered":"\t\t<div data-elementor-type=\"wp-page\" data-elementor-id=\"2672\" class=\"elementor elementor-2672\" data-elementor-post-type=\"page\">\n\t\t\t\t\t\t<section class=\"elementor-section elementor-top-section elementor-element elementor-element-2a4ba338 elementor-section-content-middle elementor-section-boxed elementor-section-height-default elementor-section-height-default\" data-id=\"2a4ba338\" data-element_type=\"section\" data-settings=\"{&quot;background_background&quot;:&quot;classic&quot;}\">\n\t\t\t\t\t\t\t<div class=\"elementor-background-overlay\"><\/div>\n\t\t\t\t\t\t\t<div class=\"elementor-container elementor-column-gap-wider\">\n\t\t\t\t\t<div class=\"elementor-column elementor-col-50 elementor-top-column elementor-element elementor-element-51a0b5df\" data-id=\"51a0b5df\" data-element_type=\"column\" data-settings=\"{&quot;animation&quot;:&quot;none&quot;}\">\n\t\t\t<div class=\"elementor-widget-wrap elementor-element-populated\">\n\t\t\t\t\t\t<div class=\"elementor-element elementor-element-6057c50c elementor-widget elementor-widget-heading\" data-id=\"6057c50c\" data-element_type=\"widget\" data-widget_type=\"heading.default\">\n\t\t\t\t<div class=\"elementor-widget-container\">\n\t\t\t\t\t<h2 class=\"elementor-heading-title elementor-size-default\">Ginekologiczny punkt pobra\u0144<\/h2>\t\t\t\t<\/div>\n\t\t\t\t<\/div>\n\t\t\t\t<div class=\"elementor-element elementor-element-30544085 elementor-widget elementor-widget-heading\" data-id=\"30544085\" data-element_type=\"widget\" data-settings=\"{&quot;_animation&quot;:&quot;none&quot;,&quot;_animation_delay&quot;:150}\" data-widget_type=\"heading.default\">\n\t\t\t\t<div class=\"elementor-widget-container\">\n\t\t\t\t\t<h2 class=\"elementor-heading-title elementor-size-default\">Cytologia ginekologiczna i p\u0142ynna;<br><br>\nDiagnostyka HPV;<br><br>\nBadania mikrobiologiczne;<br><br>\nJe\u017celi zastanawiasz si\u0119, kt\u00f3re badanie wykona\u0107 \u2013 skontaktuj si\u0119, pomog\u0119 ci dobra\u0107 diagnostyk\u0119 na podstawie objaw\u00f3w i twoich potrzeb.\n<\/h2>\t\t\t\t<\/div>\n\t\t\t\t<\/div>\n\t\t\t\t<div class=\"elementor-element elementor-element-5336b6ef elementor-align-left elementor-widget elementor-widget-button\" data-id=\"5336b6ef\" data-element_type=\"widget\" data-widget_type=\"button.default\">\n\t\t\t\t<div class=\"elementor-widget-container\">\n\t\t\t\t\t\t\t\t\t<div class=\"elementor-button-wrapper\">\n\t\t\t\t\t<a class=\"elementor-button elementor-button-link elementor-size-sm\" href=\"https:\/\/calendar.app.google\/dnQ6meJRMkdsLatJ6\">\n\t\t\t\t\t\t<span class=\"elementor-button-content-wrapper\">\n\t\t\t\t\t\t<span class=\"elementor-button-icon\">\n\t\t\t\t<i aria-hidden=\"true\" class=\"fas fa-long-arrow-alt-right\"><\/i>\t\t\t<\/span>\n\t\t\t\t\t\t\t\t\t<span class=\"elementor-button-text\">Zarezerwuj wizyt\u0119<\/span>\n\t\t\t\t\t<\/span>\n\t\t\t\t\t<\/a>\n\t\t\t\t<\/div>\n\t\t\t\t\t\t\t\t<\/div>\n\t\t\t\t<\/div>\n\t\t\t\t\t<\/div>\n\t\t<\/div>\n\t\t\t\t<div class=\"elementor-column elementor-col-50 elementor-top-column elementor-element elementor-element-2ac16864\" data-id=\"2ac16864\" data-element_type=\"column\">\n\t\t\t<div class=\"elementor-widget-wrap elementor-element-populated\">\n\t\t\t\t\t\t<div class=\"elementor-element elementor-element-6249ea05 elementor-widget elementor-widget-image\" data-id=\"6249ea05\" data-element_type=\"widget\" data-widget_type=\"image.default\">\n\t\t\t\t<div class=\"elementor-widget-container\">\n\t\t\t\t\t\t\t\t\t\t\t\t\t\t\t<img fetchpriority=\"high\" decoding=\"async\" width=\"683\" height=\"1024\" src=\"https:\/\/bieszczadzkapolozna.pl\/wp-content\/uploads\/2025\/10\/Ginekologiczny-punkt-pobran-683x1024.jpg\" class=\"attachment-large size-large wp-image-4502\" alt=\"\" srcset=\"https:\/\/bieszczadzkapolozna.pl\/wp-content\/uploads\/2025\/10\/Ginekologiczny-punkt-pobran-683x1024.jpg 683w, https:\/\/bieszczadzkapolozna.pl\/wp-content\/uploads\/2025\/10\/Ginekologiczny-punkt-pobran-200x300.jpg 200w, https:\/\/bieszczadzkapolozna.pl\/wp-content\/uploads\/2025\/10\/Ginekologiczny-punkt-pobran-768x1152.jpg 768w, https:\/\/bieszczadzkapolozna.pl\/wp-content\/uploads\/2025\/10\/Ginekologiczny-punkt-pobran-1024x1536.jpg 1024w, https:\/\/bieszczadzkapolozna.pl\/wp-content\/uploads\/2025\/10\/Ginekologiczny-punkt-pobran-1365x2048.jpg 1365w, https:\/\/bieszczadzkapolozna.pl\/wp-content\/uploads\/2025\/10\/Ginekologiczny-punkt-pobran-scaled.jpg 1707w\" sizes=\"(max-width: 683px) 100vw, 683px\" \/>\t\t\t\t\t\t\t\t\t\t\t\t\t\t\t<\/div>\n\t\t\t\t<\/div>\n\t\t\t\t<div class=\"elementor-element elementor-element-3d36f35e elementor-align-left elementor-mobile-align-left elementor-widget__width-auto elementor-widget elementor-widget-button\" data-id=\"3d36f35e\" data-element_type=\"widget\" data-widget_type=\"button.default\">\n\t\t\t\t<div class=\"elementor-widget-container\">\n\t\t\t\t\t\t\t\t\t<div class=\"elementor-button-wrapper\">\n\t\t\t\t\t<a class=\"elementor-button elementor-button-link elementor-size-sm\" href=\"https:\/\/bieszczadzkapolozna.pl\/index.php\/kontakt\/\">\n\t\t\t\t\t\t<span class=\"elementor-button-content-wrapper\">\n\t\t\t\t\t\t\t\t\t<span class=\"elementor-button-text\">Skontaktuj si\u0119<\/span>\n\t\t\t\t\t<\/span>\n\t\t\t\t\t<\/a>\n\t\t\t\t<\/div>\n\t\t\t\t\t\t\t\t<\/div>\n\t\t\t\t<\/div>\n\t\t\t\t<div class=\"elementor-element elementor-element-51215252 elementor-align-left elementor-mobile-align-left elementor-widget__width-auto elementor-widget elementor-widget-button\" data-id=\"51215252\" data-element_type=\"widget\" data-widget_type=\"button.default\">\n\t\t\t\t<div class=\"elementor-widget-container\">\n\t\t\t\t\t\t\t\t\t<div class=\"elementor-button-wrapper\">\n\t\t\t\t\t<a class=\"elementor-button elementor-button-link elementor-size-sm\" href=\"https:\/\/bieszczadzkapolozna.pl\/index.php\/cennik\/\">\n\t\t\t\t\t\t<span class=\"elementor-button-content-wrapper\">\n\t\t\t\t\t\t\t\t\t<span class=\"elementor-button-text\">Cennik<\/span>\n\t\t\t\t\t<\/span>\n\t\t\t\t\t<\/a>\n\t\t\t\t<\/div>\n\t\t\t\t\t\t\t\t<\/div>\n\t\t\t\t<\/div>\n\t\t\t\t\t<\/div>\n\t\t<\/div>\n\t\t\t\t\t<\/div>\n\t\t<\/section>\n\t\t\t\t<section class=\"elementor-section elementor-top-section elementor-element elementor-element-169d563 elementor-section-content-middle elementor-section-boxed elementor-section-height-default elementor-section-height-default\" data-id=\"169d563\" data-element_type=\"section\" data-settings=\"{&quot;background_background&quot;:&quot;classic&quot;}\">\n\t\t\t\t\t\t\t<div class=\"elementor-background-overlay\"><\/div>\n\t\t\t\t\t\t\t<div class=\"elementor-container elementor-column-gap-wider\">\n\t\t\t\t\t<div class=\"elementor-column elementor-col-100 elementor-top-column elementor-element elementor-element-b4c8331\" data-id=\"b4c8331\" data-element_type=\"column\">\n\t\t\t<div class=\"elementor-widget-wrap elementor-element-populated\">\n\t\t\t\t\t\t<div class=\"elementor-element elementor-element-2591ea27 elementor-post-navigation-borders-yes elementor-widget elementor-widget-post-navigation\" data-id=\"2591ea27\" data-element_type=\"widget\" data-widget_type=\"post-navigation.default\">\n\t\t\t\t<div class=\"elementor-widget-container\">\n\t\t\t\t\t\t\t<div class=\"elementor-post-navigation\">\n\t\t\t<div class=\"elementor-post-navigation__prev elementor-post-navigation__link\">\n\t\t\t\t<a href=\"https:\/\/bieszczadzkapolozna.pl\/index.php\/nauka-przyjaznej-pielegnacji-noworodka-i-podstawy-pieluchowania-wielorazowego\/\" rel=\"prev\"><span class=\"post-navigation__arrow-wrapper post-navigation__arrow-prev\"><i class=\"fa fa-angle-left\" aria-hidden=\"true\"><\/i><span class=\"elementor-screen-only\">Prev<\/span><\/span><span class=\"elementor-post-navigation__link__prev\"><span class=\"post-navigation__prev--label\">Poprzednie<\/span><span class=\"post-navigation__prev--title\">Nauka przyjaznej piel\u0119gnacji noworodka i Podstawy pieluchowania wielorazowego<\/span><\/span><\/a>\t\t\t<\/div>\n\t\t\t\t\t\t\t<div class=\"elementor-post-navigation__separator-wrapper\">\n\t\t\t\t\t<div class=\"elementor-post-navigation__separator\"><\/div>\n\t\t\t\t<\/div>\n\t\t\t\t\t\t<div class=\"elementor-post-navigation__next elementor-post-navigation__link\">\n\t\t\t\t<a href=\"https:\/\/bieszczadzkapolozna.pl\/index.php\/opieka-poloznej-rodzinnej\/\" rel=\"next\"><span class=\"elementor-post-navigation__link__next\"><span class=\"post-navigation__next--label\">Nast\u0119pne<\/span><span class=\"post-navigation__next--title\">Opieka po\u0142o\u017cnej rodzinnej<\/span><\/span><span class=\"post-navigation__arrow-wrapper post-navigation__arrow-next\"><i class=\"fa fa-angle-right\" aria-hidden=\"true\"><\/i><span class=\"elementor-screen-only\">Next<\/span><\/span><\/a>\t\t\t<\/div>\n\t\t<\/div>\n\t\t\t\t\t\t<\/div>\n\t\t\t\t<\/div>\n\t\t\t\t\t<\/div>\n\t\t<\/div>\n\t\t\t\t\t<\/div>\n\t\t<\/section>\n\t\t\t\t<\/div>\n\t\t","protected":false},"excerpt":{"rendered":"<p>Ginekologiczny punkt pobra\u0144 Cytologia ginekologiczna i p\u0142ynna; Diagnostyka HPV; Badania mikrobiologiczne; Je\u017celi zastanawiasz si\u0119, kt\u00f3re badanie wykona\u0107 \u2013 skontaktuj si\u0119, pomog\u0119 ci dobra\u0107 diagnostyk\u0119 na podstawie objaw\u00f3w i twoich potrzeb. Zarezerwuj wizyt\u0119 Skontaktuj si\u0119 Cennik<\/p>\n","protected":false},"author":1,"featured_media":0,"parent":0,"menu_order":0,"comment_status":"closed","ping_status":"closed","template":"","meta":{"_monsterinsights_skip_tracking":false,"_monsterinsights_sitenote_active":false,"_monsterinsights_sitenote_note":"","_monsterinsights_sitenote_category":0,"ocean_post_layout":"full-screen","ocean_both_sidebars_style":"","ocean_both_sidebars_content_width":0,"ocean_both_sidebars_sidebars_width":0,"ocean_sidebar":"","ocean_second_sidebar":"","ocean_disable_margins":"on","ocean_add_body_class":"","ocean_shortcode_before_top_bar":"","ocean_shortcode_after_top_bar":"","ocean_shortcode_before_header":"","ocean_shortcode_after_header":"","ocean_has_shortcode":"","ocean_shortcode_after_title":"","ocean_shortcode_before_footer_widgets":"","ocean_shortcode_after_footer_widgets":"","ocean_shortcode_before_footer_bottom":"","ocean_shortcode_after_footer_bottom":"","ocean_display_top_bar":"default","ocean_display_header":"default","ocean_header_style":"","ocean_center_header_left_menu":"","ocean_custom_header_template":"","ocean_custom_logo":0,"ocean_custom_retina_logo":0,"ocean_custom_logo_max_width":0,"ocean_custom_logo_tablet_max_width":0,"ocean_custom_logo_mobile_max_width":0,"ocean_custom_logo_max_height":0,"ocean_custom_logo_tablet_max_height":0,"ocean_custom_logo_mobile_max_height":0,"ocean_header_custom_menu":"","ocean_menu_typo_font_family":"","ocean_menu_typo_font_subset":"","ocean_menu_typo_font_size":0,"ocean_menu_typo_font_size_tablet":0,"ocean_menu_typo_font_size_mobile":0,"ocean_menu_typo_font_size_unit":"px","ocean_menu_typo_font_weight":"","ocean_menu_typo_font_weight_tablet":"","ocean_menu_typo_font_weight_mobile":"","ocean_menu_typo_transform":"","ocean_menu_typo_transform_tablet":"","ocean_menu_typo_transform_mobile":"","ocean_menu_typo_line_height":0,"ocean_menu_typo_line_height_tablet":0,"ocean_menu_typo_line_height_mobile":0,"ocean_menu_typo_line_height_unit":"","ocean_menu_typo_spacing":0,"ocean_menu_typo_spacing_tablet":0,"ocean_menu_typo_spacing_mobile":0,"ocean_menu_typo_spacing_unit":"","ocean_menu_link_color":"","ocean_menu_link_color_hover":"","ocean_menu_link_color_active":"","ocean_menu_link_background":"","ocean_menu_link_hover_background":"","ocean_menu_link_active_background":"","ocean_menu_social_links_bg":"","ocean_menu_social_hover_links_bg":"","ocean_menu_social_links_color":"","ocean_menu_social_hover_links_color":"","ocean_disable_title":"on","ocean_disable_heading":"default","ocean_post_title":"","ocean_post_subheading":"","ocean_post_title_style":"","ocean_post_title_background_color":"","ocean_post_title_background":0,"ocean_post_title_bg_image_position":"","ocean_post_title_bg_image_attachment":"","ocean_post_title_bg_image_repeat":"","ocean_post_title_bg_image_size":"","ocean_post_title_height":0,"ocean_post_title_bg_overlay":0.5,"ocean_post_title_bg_overlay_color":"","ocean_disable_breadcrumbs":"off","ocean_breadcrumbs_color":"","ocean_breadcrumbs_separator_color":"","ocean_breadcrumbs_links_color":"","ocean_breadcrumbs_links_hover_color":"","ocean_display_footer_widgets":"default","ocean_display_footer_bottom":"default","ocean_custom_footer_template":"","footnotes":""},"class_list":["post-2672","page","type-page","status-publish","hentry","entry"],"yoast_head":"<!-- This site is optimized with the Yoast SEO plugin v25.0 - https:\/\/yoast.com\/wordpress\/plugins\/seo\/ -->\n<title>Ginekologiczny punkt pobra\u0144 - Karolina Sku\u0142a - Po\u0142o\u017cna Rodzinna<\/title>\n<meta name=\"robots\" content=\"index, follow, max-snippet:-1, max-image-preview:large, max-video-preview:-1\" \/>\n<link rel=\"canonical\" href=\"https:\/\/bieszczadzkapolozna.pl\/index.php\/ginekologiczny-punkt-pobran\/\" \/>\n<meta property=\"og:locale\" content=\"pl_PL\" \/>\n<meta property=\"og:type\" content=\"article\" \/>\n<meta property=\"og:title\" content=\"Ginekologiczny punkt pobra\u0144 - Karolina Sku\u0142a - Po\u0142o\u017cna Rodzinna\" \/>\n<meta property=\"og:description\" content=\"Ginekologiczny punkt pobra\u0144 Cytologia ginekologiczna i p\u0142ynna; Diagnostyka HPV; Badania mikrobiologiczne; Je\u017celi zastanawiasz si\u0119, kt\u00f3re badanie wykona\u0107 \u2013 skontaktuj si\u0119, pomog\u0119 ci dobra\u0107 diagnostyk\u0119 na podstawie objaw\u00f3w i twoich potrzeb. Zarezerwuj wizyt\u0119 Skontaktuj si\u0119 Cennik\" \/>\n<meta property=\"og:url\" content=\"https:\/\/bieszczadzkapolozna.pl\/index.php\/ginekologiczny-punkt-pobran\/\" \/>\n<meta property=\"og:site_name\" content=\"Karolina Sku\u0142a - Po\u0142o\u017cna Rodzinna\" \/>\n<meta property=\"article:modified_time\" content=\"2025-10-18T18:31:40+00:00\" \/>\n<meta property=\"og:image\" content=\"https:\/\/bieszczadzkapolozna.pl\/wp-content\/uploads\/2025\/10\/Ginekologiczny-punkt-pobran-scaled.jpg\" \/>\n\t<meta property=\"og:image:width\" content=\"1707\" \/>\n\t<meta property=\"og:image:height\" content=\"2560\" \/>\n\t<meta property=\"og:image:type\" content=\"image\/jpeg\" \/>\n<meta name=\"twitter:card\" content=\"summary_large_image\" \/>\n<meta name=\"twitter:label1\" content=\"Szacowany czas czytania\" \/>\n\t<meta name=\"twitter:data1\" content=\"1 minuta\" \/>\n<script type=\"application\/ld+json\" class=\"yoast-schema-graph\">{\"@context\":\"https:\/\/schema.org\",\"@graph\":[{\"@type\":\"WebPage\",\"@id\":\"https:\/\/bieszczadzkapolozna.pl\/index.php\/ginekologiczny-punkt-pobran\/\",\"url\":\"https:\/\/bieszczadzkapolozna.pl\/index.php\/ginekologiczny-punkt-pobran\/\",\"name\":\"Ginekologiczny punkt pobra\u0144 - Karolina Sku\u0142a - Po\u0142o\u017cna Rodzinna\",\"isPartOf\":{\"@id\":\"https:\/\/bieszczadzkapolozna.pl\/#website\"},\"primaryImageOfPage\":{\"@id\":\"https:\/\/bieszczadzkapolozna.pl\/index.php\/ginekologiczny-punkt-pobran\/#primaryimage\"},\"image\":{\"@id\":\"https:\/\/bieszczadzkapolozna.pl\/index.php\/ginekologiczny-punkt-pobran\/#primaryimage\"},\"thumbnailUrl\":\"https:\/\/bieszczadzkapolozna.pl\/wp-content\/uploads\/2025\/10\/Ginekologiczny-punkt-pobran-683x1024.jpg\",\"datePublished\":\"2024-01-07T17:46:07+00:00\",\"dateModified\":\"2025-10-18T18:31:40+00:00\",\"breadcrumb\":{\"@id\":\"https:\/\/bieszczadzkapolozna.pl\/index.php\/ginekologiczny-punkt-pobran\/#breadcrumb\"},\"inLanguage\":\"pl-PL\",\"potentialAction\":[{\"@type\":\"ReadAction\",\"target\":[\"https:\/\/bieszczadzkapolozna.pl\/index.php\/ginekologiczny-punkt-pobran\/\"]}]},{\"@type\":\"ImageObject\",\"inLanguage\":\"pl-PL\",\"@id\":\"https:\/\/bieszczadzkapolozna.pl\/index.php\/ginekologiczny-punkt-pobran\/#primaryimage\",\"url\":\"https:\/\/bieszczadzkapolozna.pl\/wp-content\/uploads\/2025\/10\/Ginekologiczny-punkt-pobran-scaled.jpg\",\"contentUrl\":\"https:\/\/bieszczadzkapolozna.pl\/wp-content\/uploads\/2025\/10\/Ginekologiczny-punkt-pobran-scaled.jpg\",\"width\":1707,\"height\":2560},{\"@type\":\"BreadcrumbList\",\"@id\":\"https:\/\/bieszczadzkapolozna.pl\/index.php\/ginekologiczny-punkt-pobran\/#breadcrumb\",\"itemListElement\":[{\"@type\":\"ListItem\",\"position\":1,\"name\":\"Strona g\u0142\u00f3wna\",\"item\":\"https:\/\/bieszczadzkapolozna.pl\/\"},{\"@type\":\"ListItem\",\"position\":2,\"name\":\"Ginekologiczny punkt pobra\u0144\"}]},{\"@type\":\"WebSite\",\"@id\":\"https:\/\/bieszczadzkapolozna.pl\/#website\",\"url\":\"https:\/\/bieszczadzkapolozna.pl\/\",\"name\":\"Karolina Sku\u0142a - Po\u0142o\u017cna Rodzinna\",\"description\":\"Bieszczadzka Po\u0142o\u017cna\",\"publisher\":{\"@id\":\"https:\/\/bieszczadzkapolozna.pl\/#organization\"},\"potentialAction\":[{\"@type\":\"SearchAction\",\"target\":{\"@type\":\"EntryPoint\",\"urlTemplate\":\"https:\/\/bieszczadzkapolozna.pl\/?s={search_term_string}\"},\"query-input\":{\"@type\":\"PropertyValueSpecification\",\"valueRequired\":true,\"valueName\":\"search_term_string\"}}],\"inLanguage\":\"pl-PL\"},{\"@type\":\"Organization\",\"@id\":\"https:\/\/bieszczadzkapolozna.pl\/#organization\",\"name\":\"Karolina Sku\u0142a - Po\u0142o\u017cna Rodzinna\",\"url\":\"https:\/\/bieszczadzkapolozna.pl\/\",\"logo\":{\"@type\":\"ImageObject\",\"inLanguage\":\"pl-PL\",\"@id\":\"https:\/\/bieszczadzkapolozna.pl\/#\/schema\/logo\/image\/\",\"url\":\"https:\/\/bieszczadzkapolozna.pl\/wp-content\/uploads\/2021\/08\/logo12-1.png\",\"contentUrl\":\"https:\/\/bieszczadzkapolozna.pl\/wp-content\/uploads\/2021\/08\/logo12-1.png\",\"width\":400,\"height\":207,\"caption\":\"Karolina Sku\u0142a - Po\u0142o\u017cna Rodzinna\"},\"image\":{\"@id\":\"https:\/\/bieszczadzkapolozna.pl\/#\/schema\/logo\/image\/\"}}]}<\/script>\n<!-- \/ Yoast SEO plugin. -->","yoast_head_json":{"title":"Ginekologiczny punkt pobra\u0144 - Karolina Sku\u0142a - Po\u0142o\u017cna Rodzinna","robots":{"index":"index","follow":"follow","max-snippet":"max-snippet:-1","max-image-preview":"max-image-preview:large","max-video-preview":"max-video-preview:-1"},"canonical":"https:\/\/bieszczadzkapolozna.pl\/index.php\/ginekologiczny-punkt-pobran\/","og_locale":"pl_PL","og_type":"article","og_title":"Ginekologiczny punkt pobra\u0144 - Karolina Sku\u0142a - Po\u0142o\u017cna Rodzinna","og_description":"Ginekologiczny punkt pobra\u0144 Cytologia ginekologiczna i p\u0142ynna; Diagnostyka HPV; Badania mikrobiologiczne; Je\u017celi zastanawiasz si\u0119, kt\u00f3re badanie wykona\u0107 \u2013 skontaktuj si\u0119, pomog\u0119 ci dobra\u0107 diagnostyk\u0119 na podstawie objaw\u00f3w i twoich potrzeb. Zarezerwuj wizyt\u0119 Skontaktuj si\u0119 Cennik","og_url":"https:\/\/bieszczadzkapolozna.pl\/index.php\/ginekologiczny-punkt-pobran\/","og_site_name":"Karolina Sku\u0142a - Po\u0142o\u017cna Rodzinna","article_modified_time":"2025-10-18T18:31:40+00:00","og_image":[{"width":1707,"height":2560,"url":"https:\/\/bieszczadzkapolozna.pl\/wp-content\/uploads\/2025\/10\/Ginekologiczny-punkt-pobran-scaled.jpg","type":"image\/jpeg"}],"twitter_card":"summary_large_image","twitter_misc":{"Szacowany czas czytania":"1 minuta"},"schema":{"@context":"https:\/\/schema.org","@graph":[{"@type":"WebPage","@id":"https:\/\/bieszczadzkapolozna.pl\/index.php\/ginekologiczny-punkt-pobran\/","url":"https:\/\/bieszczadzkapolozna.pl\/index.php\/ginekologiczny-punkt-pobran\/","name":"Ginekologiczny punkt pobra\u0144 - Karolina Sku\u0142a - Po\u0142o\u017cna Rodzinna","isPartOf":{"@id":"https:\/\/bieszczadzkapolozna.pl\/#website"},"primaryImageOfPage":{"@id":"https:\/\/bieszczadzkapolozna.pl\/index.php\/ginekologiczny-punkt-pobran\/#primaryimage"},"image":{"@id":"https:\/\/bieszczadzkapolozna.pl\/index.php\/ginekologiczny-punkt-pobran\/#primaryimage"},"thumbnailUrl":"https:\/\/bieszczadzkapolozna.pl\/wp-content\/uploads\/2025\/10\/Ginekologiczny-punkt-pobran-683x1024.jpg","datePublished":"2024-01-07T17:46:07+00:00","dateModified":"2025-10-18T18:31:40+00:00","breadcrumb":{"@id":"https:\/\/bieszczadzkapolozna.pl\/index.php\/ginekologiczny-punkt-pobran\/#breadcrumb"},"inLanguage":"pl-PL","potentialAction":[{"@type":"ReadAction","target":["https:\/\/bieszczadzkapolozna.pl\/index.php\/ginekologiczny-punkt-pobran\/"]}]},{"@type":"ImageObject","inLanguage":"pl-PL","@id":"https:\/\/bieszczadzkapolozna.pl\/index.php\/ginekologiczny-punkt-pobran\/#primaryimage","url":"https:\/\/bieszczadzkapolozna.pl\/wp-content\/uploads\/2025\/10\/Ginekologiczny-punkt-pobran-scaled.jpg","contentUrl":"https:\/\/bieszczadzkapolozna.pl\/wp-content\/uploads\/2025\/10\/Ginekologiczny-punkt-pobran-scaled.jpg","width":1707,"height":2560},{"@type":"BreadcrumbList","@id":"https:\/\/bieszczadzkapolozna.pl\/index.php\/ginekologiczny-punkt-pobran\/#breadcrumb","itemListElement":[{"@type":"ListItem","position":1,"name":"Strona g\u0142\u00f3wna","item":"https:\/\/bieszczadzkapolozna.pl\/"},{"@type":"ListItem","position":2,"name":"Ginekologiczny punkt pobra\u0144"}]},{"@type":"WebSite","@id":"https:\/\/bieszczadzkapolozna.pl\/#website","url":"https:\/\/bieszczadzkapolozna.pl\/","name":"Karolina Sku\u0142a - Po\u0142o\u017cna Rodzinna","description":"Bieszczadzka Po\u0142o\u017cna","publisher":{"@id":"https:\/\/bieszczadzkapolozna.pl\/#organization"},"potentialAction":[{"@type":"SearchAction","target":{"@type":"EntryPoint","urlTemplate":"https:\/\/bieszczadzkapolozna.pl\/?s={search_term_string}"},"query-input":{"@type":"PropertyValueSpecification","valueRequired":true,"valueName":"search_term_string"}}],"inLanguage":"pl-PL"},{"@type":"Organization","@id":"https:\/\/bieszczadzkapolozna.pl\/#organization","name":"Karolina Sku\u0142a - Po\u0142o\u017cna Rodzinna","url":"https:\/\/bieszczadzkapolozna.pl\/","logo":{"@type":"ImageObject","inLanguage":"pl-PL","@id":"https:\/\/bieszczadzkapolozna.pl\/#\/schema\/logo\/image\/","url":"https:\/\/bieszczadzkapolozna.pl\/wp-content\/uploads\/2021\/08\/logo12-1.png","contentUrl":"https:\/\/bieszczadzkapolozna.pl\/wp-content\/uploads\/2021\/08\/logo12-1.png","width":400,"height":207,"caption":"Karolina Sku\u0142a - Po\u0142o\u017cna Rodzinna"},"image":{"@id":"https:\/\/bieszczadzkapolozna.pl\/#\/schema\/logo\/image\/"}}]}},"_links":{"self":[{"href":"https:\/\/bieszczadzkapolozna.pl\/index.php\/wp-json\/wp\/v2\/pages\/2672","targetHints":{"allow":["GET"]}}],"collection":[{"href":"https:\/\/bieszczadzkapolozna.pl\/index.php\/wp-json\/wp\/v2\/pages"}],"about":[{"href":"https:\/\/bieszczadzkapolozna.pl\/index.php\/wp-json\/wp\/v2\/types\/page"}],"author":[{"embeddable":true,"href":"https:\/\/bieszczadzkapolozna.pl\/index.php\/wp-json\/wp\/v2\/users\/1"}],"replies":[{"embeddable":true,"href":"https:\/\/bieszczadzkapolozna.pl\/index.php\/wp-json\/wp\/v2\/comments?post=2672"}],"version-history":[{"count":13,"href":"https:\/\/bieszczadzkapolozna.pl\/index.php\/wp-json\/wp\/v2\/pages\/2672\/revisions"}],"predecessor-version":[{"id":4581,"href":"https:\/\/bieszczadzkapolozna.pl\/index.php\/wp-json\/wp\/v2\/pages\/2672\/revisions\/4581"}],"wp:attachment":[{"href":"https:\/\/bieszczadzkapolozna.pl\/index.php\/wp-json\/wp\/v2\/media?parent=2672"}],"curies":[{"name":"wp","href":"https:\/\/api.w.org\/{rel}","templated":true}]}}