{"id":2695,"date":"2024-01-07T18:06:23","date_gmt":"2024-01-07T18:06:23","guid":{"rendered":"https:\/\/bieszczadzkapolozna.pl\/?page_id=2695"},"modified":"2025-10-18T18:32:37","modified_gmt":"2025-10-18T18:32:37","slug":"pozostale-uslugi","status":"publish","type":"page","link":"https:\/\/bieszczadzkapolozna.pl\/index.php\/pozostale-uslugi\/","title":{"rendered":"Pozosta\u0142e us\u0142ugi"},"content":{"rendered":"\t\t<div data-elementor-type=\"wp-page\" data-elementor-id=\"2695\" class=\"elementor elementor-2695\" data-elementor-post-type=\"page\">\n\t\t\t\t\t\t<section class=\"elementor-section elementor-top-section elementor-element elementor-element-15dd211b elementor-section-content-middle elementor-section-boxed elementor-section-height-default elementor-section-height-default\" data-id=\"15dd211b\" data-element_type=\"section\" data-settings=\"{&quot;background_background&quot;:&quot;classic&quot;}\">\n\t\t\t\t\t\t\t<div class=\"elementor-background-overlay\"><\/div>\n\t\t\t\t\t\t\t<div class=\"elementor-container elementor-column-gap-wider\">\n\t\t\t\t\t<div class=\"elementor-column elementor-col-50 elementor-top-column elementor-element elementor-element-21d17043\" data-id=\"21d17043\" data-element_type=\"column\" data-settings=\"{&quot;animation&quot;:&quot;none&quot;}\">\n\t\t\t<div class=\"elementor-widget-wrap elementor-element-populated\">\n\t\t\t\t\t\t<div class=\"elementor-element elementor-element-7af6093a elementor-widget elementor-widget-heading\" data-id=\"7af6093a\" data-element_type=\"widget\" data-widget_type=\"heading.default\">\n\t\t\t\t<div class=\"elementor-widget-container\">\n\t\t\t\t\t<h2 class=\"elementor-heading-title elementor-size-default\">Pozosta\u0142e us\u0142ugi<\/h2>\t\t\t\t<\/div>\n\t\t\t\t<\/div>\n\t\t\t\t<div class=\"elementor-element elementor-element-a570634 elementor-widget elementor-widget-heading\" data-id=\"a570634\" data-element_type=\"widget\" data-settings=\"{&quot;_animation&quot;:&quot;none&quot;,&quot;_animation_delay&quot;:150}\" data-widget_type=\"heading.default\">\n\t\t\t\t<div class=\"elementor-widget-container\">\n\t\t\t\t\t<h2 class=\"elementor-heading-title elementor-size-default\"><b>Taping piersi<\/b> - zastosowanie ta\u015bm elastycznych w celu pomocy w redukcji obrz\u0119ku lub poprawy komfortu podczas nawa\u0142u.<br><br>\n<b>Zastosowanie ta\u015bmy<\/b> (tzw. \"taping\") mo\u017ce pom\u00f3c w utrzymaniu lekkiego ucisku, co z kolei mo\u017ce wspom\u00f3c kontrolowanie obrz\u0119ku.<br><br>\nWa\u017cne jest r\u00f3wnie\u017c, aby zidentyfikowa\u0107 przyczyn\u0119 obrz\u0119ku i leczy\u0107 j\u0105 odpowiednio.\n<br><br>\n<b>Nauka wi\u0105zania brzucha w ci\u0105\u017cy<\/b> \u2013 zamotanie brzucha mo\u017ce odci\u0105\u017cy\u0107 biodra, miednic\u0119 i kr\u0119gos\u0142up, oraz pozwoli\u0107 dziecku na \u0142atwiejsze wej\u015bcie do kana\u0142u rodnego.<br><br>\n<b>Usuwanie szw\u00f3w<\/b> - szwy s\u0105 usuwane w okre\u015blonym czasie po operacji lub po zranieniu, aby zapewni\u0107 w\u0142a\u015bciwe gojenie si\u0119 rany. Czas ten mo\u017ce zale\u017ce\u0107 od r\u00f3\u017cnych czynnik\u00f3w, takich jak lokalizacja rany, rodzaj szw\u00f3w u\u017cytych do zszycia, a tak\u017ce indywidualne w\u0142a\u015bciwo\u015bci pacjenta.<br><br>\nW zwyk\u0142ych przypadkach, gdy u\u017cywane s\u0105 absorbuj\u0105ce si\u0119 szwy, nie jest konieczne ich usuwanie, poniewa\u017c same si\u0119 rozpuszcz\u0105 w ustalonym czasie. Jednak w przypadku nieabsorbowalnych szw\u00f3w, konieczne jest ich r\u0119czne usuni\u0119cie.<br><br>\n<b>Konsultacja telefoniczna<\/b><br><br>\nTeleporada to konsultacja przeprowadzana zdalnie, w tym przypadku jako rozmowa telefoniczna. Jest to forma zdalnej opieki zdrowotnej, kt\u00f3ra umo\u017cliwia pacjentom skonsultowanie si\u0119 bez konieczno\u015bci fizycznego odwiedzenia plac\u00f3wki medycznej.<br><br>\nMasz w\u0105tpliwo\u015bci dotycz\u0105ce piel\u0119gnacji noworodka, zastanawiasz si\u0119, czy dolegliwo\u015bci, kt\u00f3re czujesz wymagaj\u0105 konsultacji z ginekologiem, nie wiesz, czy bior\u0105c dany lek mo\u017cesz karmi\u0107 piersi\u0105? Teleporada jest rozwi\u0105zaniem dla ciebie.\n\n\n<\/h2>\t\t\t\t<\/div>\n\t\t\t\t<\/div>\n\t\t\t\t<div class=\"elementor-element elementor-element-1b3bc24c elementor-align-left elementor-widget elementor-widget-button\" data-id=\"1b3bc24c\" data-element_type=\"widget\" data-widget_type=\"button.default\">\n\t\t\t\t<div class=\"elementor-widget-container\">\n\t\t\t\t\t\t\t\t\t<div class=\"elementor-button-wrapper\">\n\t\t\t\t\t<a class=\"elementor-button elementor-button-link elementor-size-sm\" href=\"https:\/\/calendar.app.google\/dnQ6meJRMkdsLatJ6\">\n\t\t\t\t\t\t<span class=\"elementor-button-content-wrapper\">\n\t\t\t\t\t\t<span class=\"elementor-button-icon\">\n\t\t\t\t<i aria-hidden=\"true\" class=\"fas fa-long-arrow-alt-right\"><\/i>\t\t\t<\/span>\n\t\t\t\t\t\t\t\t\t<span class=\"elementor-button-text\">Zarezerwuj wizyt\u0119<\/span>\n\t\t\t\t\t<\/span>\n\t\t\t\t\t<\/a>\n\t\t\t\t<\/div>\n\t\t\t\t\t\t\t\t<\/div>\n\t\t\t\t<\/div>\n\t\t\t\t\t<\/div>\n\t\t<\/div>\n\t\t\t\t<div class=\"elementor-column elementor-col-50 elementor-top-column elementor-element elementor-element-9310bcb\" data-id=\"9310bcb\" data-element_type=\"column\">\n\t\t\t<div class=\"elementor-widget-wrap elementor-element-populated\">\n\t\t\t\t\t\t<div class=\"elementor-element elementor-element-102a6fba elementor-widget elementor-widget-image\" data-id=\"102a6fba\" data-element_type=\"widget\" data-widget_type=\"image.default\">\n\t\t\t\t<div class=\"elementor-widget-container\">\n\t\t\t\t\t\t\t\t\t\t\t\t\t\t\t<img fetchpriority=\"high\" decoding=\"async\" width=\"500\" height=\"500\" src=\"https:\/\/bieszczadzkapolozna.pl\/wp-content\/uploads\/2024\/01\/pozostale-uslugi.jpg\" class=\"attachment-large size-large wp-image-2747\" alt=\"\" srcset=\"https:\/\/bieszczadzkapolozna.pl\/wp-content\/uploads\/2024\/01\/pozostale-uslugi.jpg 500w, https:\/\/bieszczadzkapolozna.pl\/wp-content\/uploads\/2024\/01\/pozostale-uslugi-300x300.jpg 300w, https:\/\/bieszczadzkapolozna.pl\/wp-content\/uploads\/2024\/01\/pozostale-uslugi-150x150.jpg 150w\" sizes=\"(max-width: 500px) 100vw, 500px\" \/>\t\t\t\t\t\t\t\t\t\t\t\t\t\t\t<\/div>\n\t\t\t\t<\/div>\n\t\t\t\t<div class=\"elementor-element elementor-element-3c3cdd38 elementor-widget elementor-widget-price-list\" data-id=\"3c3cdd38\" data-element_type=\"widget\" data-widget_type=\"price-list.default\">\n\t\t\t\t<div class=\"elementor-widget-container\">\n\t\t\t\t\t\n\t\t<ul class=\"elementor-price-list\">\n\n\t\t\t\t\t\t\t\t\t<li class=\"elementor-price-list-item\">\t\t\t\t\n\t\t\t\t<div class=\"elementor-price-list-text\">\n\t\t\t\t\t\t\t\t\t<div class=\"elementor-price-list-header\">\n\t\t\t\t\t\t\t\t\t\t\t<span class=\"elementor-price-list-title\">\n\t\t\t\t\t\t\tUs\u0142uga\t\t\t\t\t\t<\/span>\n\t\t\t\t\t\t\t\t\t\t\t\t\t\t\t\t\t\t<span class=\"elementor-price-list-separator\"><\/span>\n\t\t\t\t\t\t\t\t\t\t\t\t\t\t\t\t\t\t\t<span class=\"elementor-price-list-price\">od 50 z\u0142<\/span>\n\t\t\t\t\t\t\t\t\t\t<\/div>\n\t\t\t\t\t\t\t\t\t\t\t\t<\/div>\n\t\t\t\t<\/li>\t\t\t\t\t\n\t\t<\/ul>\n\n\t\t\t\t\t\t<\/div>\n\t\t\t\t<\/div>\n\t\t\t\t<div class=\"elementor-element elementor-element-17c82a83 elementor-align-left elementor-mobile-align-left elementor-widget__width-auto elementor-widget elementor-widget-button\" data-id=\"17c82a83\" data-element_type=\"widget\" data-widget_type=\"button.default\">\n\t\t\t\t<div class=\"elementor-widget-container\">\n\t\t\t\t\t\t\t\t\t<div class=\"elementor-button-wrapper\">\n\t\t\t\t\t<a class=\"elementor-button elementor-button-link elementor-size-sm\" href=\"https:\/\/bieszczadzkapolozna.pl\/index.php\/kontakt\/\">\n\t\t\t\t\t\t<span class=\"elementor-button-content-wrapper\">\n\t\t\t\t\t\t\t\t\t<span class=\"elementor-button-text\">Skontaktuj si\u0119<\/span>\n\t\t\t\t\t<\/span>\n\t\t\t\t\t<\/a>\n\t\t\t\t<\/div>\n\t\t\t\t\t\t\t\t<\/div>\n\t\t\t\t<\/div>\n\t\t\t\t<div class=\"elementor-element elementor-element-4137e268 elementor-align-left elementor-mobile-align-left elementor-widget__width-auto elementor-widget elementor-widget-button\" data-id=\"4137e268\" data-element_type=\"widget\" data-widget_type=\"button.default\">\n\t\t\t\t<div class=\"elementor-widget-container\">\n\t\t\t\t\t\t\t\t\t<div class=\"elementor-button-wrapper\">\n\t\t\t\t\t<a class=\"elementor-button elementor-button-link elementor-size-sm\" href=\"https:\/\/bieszczadzkapolozna.pl\/index.php\/cennik\/\">\n\t\t\t\t\t\t<span class=\"elementor-button-content-wrapper\">\n\t\t\t\t\t\t\t\t\t<span class=\"elementor-button-text\">Cennik<\/span>\n\t\t\t\t\t<\/span>\n\t\t\t\t\t<\/a>\n\t\t\t\t<\/div>\n\t\t\t\t\t\t\t\t<\/div>\n\t\t\t\t<\/div>\n\t\t\t\t\t<\/div>\n\t\t<\/div>\n\t\t\t\t\t<\/div>\n\t\t<\/section>\n\t\t\t\t<section class=\"elementor-section elementor-top-section elementor-element elementor-element-34b1ccb0 elementor-section-content-middle elementor-section-boxed elementor-section-height-default elementor-section-height-default\" data-id=\"34b1ccb0\" data-element_type=\"section\" data-settings=\"{&quot;background_background&quot;:&quot;classic&quot;}\">\n\t\t\t\t\t\t\t<div class=\"elementor-background-overlay\"><\/div>\n\t\t\t\t\t\t\t<div class=\"elementor-container elementor-column-gap-wider\">\n\t\t\t\t\t<div class=\"elementor-column elementor-col-100 elementor-top-column elementor-element elementor-element-10555fe1\" data-id=\"10555fe1\" data-element_type=\"column\">\n\t\t\t<div class=\"elementor-widget-wrap elementor-element-populated\">\n\t\t\t\t\t\t<div class=\"elementor-element elementor-element-32837003 elementor-post-navigation-borders-yes elementor-widget elementor-widget-post-navigation\" data-id=\"32837003\" data-element_type=\"widget\" data-widget_type=\"post-navigation.default\">\n\t\t\t\t<div class=\"elementor-widget-container\">\n\t\t\t\t\t\t\t<div class=\"elementor-post-navigation\">\n\t\t\t<div class=\"elementor-post-navigation__prev elementor-post-navigation__link\">\n\t\t\t\t<a href=\"https:\/\/bieszczadzkapolozna.pl\/index.php\/opieka-poloznej-rodzinnej\/\" rel=\"prev\"><span class=\"post-navigation__arrow-wrapper post-navigation__arrow-prev\"><i class=\"fa fa-angle-left\" aria-hidden=\"true\"><\/i><span class=\"elementor-screen-only\">Prev<\/span><\/span><span class=\"elementor-post-navigation__link__prev\"><span class=\"post-navigation__prev--label\">Poprzednie<\/span><span class=\"post-navigation__prev--title\">Opieka po\u0142o\u017cnej rodzinnej<\/span><\/span><\/a>\t\t\t<\/div>\n\t\t\t\t\t\t\t<div class=\"elementor-post-navigation__separator-wrapper\">\n\t\t\t\t\t<div class=\"elementor-post-navigation__separator\"><\/div>\n\t\t\t\t<\/div>\n\t\t\t\t\t\t<div class=\"elementor-post-navigation__next elementor-post-navigation__link\">\n\t\t\t\t<a href=\"https:\/\/bieszczadzkapolozna.pl\/index.php\/cennik\/\" rel=\"next\"><span class=\"elementor-post-navigation__link__next\"><span class=\"post-navigation__next--label\">Nast\u0119pne<\/span><span class=\"post-navigation__next--title\">Cennik<\/span><\/span><span class=\"post-navigation__arrow-wrapper post-navigation__arrow-next\"><i class=\"fa fa-angle-right\" aria-hidden=\"true\"><\/i><span class=\"elementor-screen-only\">Next<\/span><\/span><\/a>\t\t\t<\/div>\n\t\t<\/div>\n\t\t\t\t\t\t<\/div>\n\t\t\t\t<\/div>\n\t\t\t\t\t<\/div>\n\t\t<\/div>\n\t\t\t\t\t<\/div>\n\t\t<\/section>\n\t\t\t\t<\/div>\n\t\t","protected":false},"excerpt":{"rendered":"<p>Pozosta\u0142e us\u0142ugi Taping piersi &#8211; zastosowanie ta\u015bm elastycznych w celu pomocy w redukcji obrz\u0119ku lub poprawy komfortu podczas nawa\u0142u. Zastosowanie ta\u015bmy (tzw. &#8222;taping&#8221;) mo\u017ce pom\u00f3c w utrzymaniu lekkiego ucisku, co z kolei mo\u017ce wspom\u00f3c kontrolowanie obrz\u0119ku. Wa\u017cne jest r\u00f3wnie\u017c, aby zidentyfikowa\u0107 przyczyn\u0119 obrz\u0119ku i leczy\u0107 j\u0105 odpowiednio. Nauka wi\u0105zania brzucha w ci\u0105\u017cy \u2013 zamotanie brzucha [&hellip;]<\/p>\n","protected":false},"author":1,"featured_media":0,"parent":0,"menu_order":0,"comment_status":"closed","ping_status":"closed","template":"","meta":{"_monsterinsights_skip_tracking":false,"_monsterinsights_sitenote_active":false,"_monsterinsights_sitenote_note":"","_monsterinsights_sitenote_category":0,"ocean_post_layout":"full-screen","ocean_both_sidebars_style":"","ocean_both_sidebars_content_width":0,"ocean_both_sidebars_sidebars_width":0,"ocean_sidebar":"","ocean_second_sidebar":"","ocean_disable_margins":"on","ocean_add_body_class":"","ocean_shortcode_before_top_bar":"","ocean_shortcode_after_top_bar":"","ocean_shortcode_before_header":"","ocean_shortcode_after_header":"","ocean_has_shortcode":"","ocean_shortcode_after_title":"","ocean_shortcode_before_footer_widgets":"","ocean_shortcode_after_footer_widgets":"","ocean_shortcode_before_footer_bottom":"","ocean_shortcode_after_footer_bottom":"","ocean_display_top_bar":"default","ocean_display_header":"default","ocean_header_style":"","ocean_center_header_left_menu":"","ocean_custom_header_template":"","ocean_custom_logo":0,"ocean_custom_retina_logo":0,"ocean_custom_logo_max_width":0,"ocean_custom_logo_tablet_max_width":0,"ocean_custom_logo_mobile_max_width":0,"ocean_custom_logo_max_height":0,"ocean_custom_logo_tablet_max_height":0,"ocean_custom_logo_mobile_max_height":0,"ocean_header_custom_menu":"","ocean_menu_typo_font_family":"","ocean_menu_typo_font_subset":"","ocean_menu_typo_font_size":0,"ocean_menu_typo_font_size_tablet":0,"ocean_menu_typo_font_size_mobile":0,"ocean_menu_typo_font_size_unit":"px","ocean_menu_typo_font_weight":"","ocean_menu_typo_font_weight_tablet":"","ocean_menu_typo_font_weight_mobile":"","ocean_menu_typo_transform":"","ocean_menu_typo_transform_tablet":"","ocean_menu_typo_transform_mobile":"","ocean_menu_typo_line_height":0,"ocean_menu_typo_line_height_tablet":0,"ocean_menu_typo_line_height_mobile":0,"ocean_menu_typo_line_height_unit":"","ocean_menu_typo_spacing":0,"ocean_menu_typo_spacing_tablet":0,"ocean_menu_typo_spacing_mobile":0,"ocean_menu_typo_spacing_unit":"","ocean_menu_link_color":"","ocean_menu_link_color_hover":"","ocean_menu_link_color_active":"","ocean_menu_link_background":"","ocean_menu_link_hover_background":"","ocean_menu_link_active_background":"","ocean_menu_social_links_bg":"","ocean_menu_social_hover_links_bg":"","ocean_menu_social_links_color":"","ocean_menu_social_hover_links_color":"","ocean_disable_title":"on","ocean_disable_heading":"default","ocean_post_title":"","ocean_post_subheading":"","ocean_post_title_style":"","ocean_post_title_background_color":"","ocean_post_title_background":0,"ocean_post_title_bg_image_position":"","ocean_post_title_bg_image_attachment":"","ocean_post_title_bg_image_repeat":"","ocean_post_title_bg_image_size":"","ocean_post_title_height":0,"ocean_post_title_bg_overlay":0.5,"ocean_post_title_bg_overlay_color":"","ocean_disable_breadcrumbs":"off","ocean_breadcrumbs_color":"","ocean_breadcrumbs_separator_color":"","ocean_breadcrumbs_links_color":"","ocean_breadcrumbs_links_hover_color":"","ocean_display_footer_widgets":"default","ocean_display_footer_bottom":"default","ocean_custom_footer_template":"","footnotes":""},"class_list":["post-2695","page","type-page","status-publish","hentry","entry"],"yoast_head":"<!-- This site is optimized with the Yoast SEO plugin v25.0 - https:\/\/yoast.com\/wordpress\/plugins\/seo\/ -->\n<title>Pozosta\u0142e us\u0142ugi - Karolina Sku\u0142a - Po\u0142o\u017cna Rodzinna<\/title>\n<meta name=\"robots\" content=\"index, follow, max-snippet:-1, max-image-preview:large, max-video-preview:-1\" \/>\n<link rel=\"canonical\" href=\"https:\/\/bieszczadzkapolozna.pl\/index.php\/pozostale-uslugi\/\" \/>\n<meta property=\"og:locale\" content=\"pl_PL\" \/>\n<meta property=\"og:type\" content=\"article\" \/>\n<meta property=\"og:title\" content=\"Pozosta\u0142e us\u0142ugi - Karolina Sku\u0142a - Po\u0142o\u017cna Rodzinna\" \/>\n<meta property=\"og:description\" content=\"Pozosta\u0142e us\u0142ugi Taping piersi &#8211; zastosowanie ta\u015bm elastycznych w celu pomocy w redukcji obrz\u0119ku lub poprawy komfortu podczas nawa\u0142u. Zastosowanie ta\u015bmy (tzw. &#8222;taping&#8221;) mo\u017ce pom\u00f3c w utrzymaniu lekkiego ucisku, co z kolei mo\u017ce wspom\u00f3c kontrolowanie obrz\u0119ku. Wa\u017cne jest r\u00f3wnie\u017c, aby zidentyfikowa\u0107 przyczyn\u0119 obrz\u0119ku i leczy\u0107 j\u0105 odpowiednio. Nauka wi\u0105zania brzucha w ci\u0105\u017cy \u2013 zamotanie brzucha [&hellip;]\" \/>\n<meta property=\"og:url\" content=\"https:\/\/bieszczadzkapolozna.pl\/index.php\/pozostale-uslugi\/\" \/>\n<meta property=\"og:site_name\" content=\"Karolina Sku\u0142a - Po\u0142o\u017cna Rodzinna\" \/>\n<meta property=\"article:modified_time\" content=\"2025-10-18T18:32:37+00:00\" \/>\n<meta property=\"og:image\" content=\"https:\/\/bieszczadzkapolozna.pl\/wp-content\/uploads\/2024\/01\/pozostale-uslugi.jpg\" \/>\n\t<meta property=\"og:image:width\" content=\"500\" \/>\n\t<meta property=\"og:image:height\" content=\"500\" \/>\n\t<meta property=\"og:image:type\" content=\"image\/jpeg\" \/>\n<meta name=\"twitter:card\" content=\"summary_large_image\" \/>\n<meta name=\"twitter:label1\" content=\"Szacowany czas czytania\" \/>\n\t<meta name=\"twitter:data1\" content=\"2 minuty\" \/>\n<script type=\"application\/ld+json\" class=\"yoast-schema-graph\">{\"@context\":\"https:\/\/schema.org\",\"@graph\":[{\"@type\":\"WebPage\",\"@id\":\"https:\/\/bieszczadzkapolozna.pl\/index.php\/pozostale-uslugi\/\",\"url\":\"https:\/\/bieszczadzkapolozna.pl\/index.php\/pozostale-uslugi\/\",\"name\":\"Pozosta\u0142e us\u0142ugi - Karolina Sku\u0142a - Po\u0142o\u017cna Rodzinna\",\"isPartOf\":{\"@id\":\"https:\/\/bieszczadzkapolozna.pl\/#website\"},\"primaryImageOfPage\":{\"@id\":\"https:\/\/bieszczadzkapolozna.pl\/index.php\/pozostale-uslugi\/#primaryimage\"},\"image\":{\"@id\":\"https:\/\/bieszczadzkapolozna.pl\/index.php\/pozostale-uslugi\/#primaryimage\"},\"thumbnailUrl\":\"https:\/\/bieszczadzkapolozna.pl\/wp-content\/uploads\/2024\/01\/pozostale-uslugi.jpg\",\"datePublished\":\"2024-01-07T18:06:23+00:00\",\"dateModified\":\"2025-10-18T18:32:37+00:00\",\"breadcrumb\":{\"@id\":\"https:\/\/bieszczadzkapolozna.pl\/index.php\/pozostale-uslugi\/#breadcrumb\"},\"inLanguage\":\"pl-PL\",\"potentialAction\":[{\"@type\":\"ReadAction\",\"target\":[\"https:\/\/bieszczadzkapolozna.pl\/index.php\/pozostale-uslugi\/\"]}]},{\"@type\":\"ImageObject\",\"inLanguage\":\"pl-PL\",\"@id\":\"https:\/\/bieszczadzkapolozna.pl\/index.php\/pozostale-uslugi\/#primaryimage\",\"url\":\"https:\/\/bieszczadzkapolozna.pl\/wp-content\/uploads\/2024\/01\/pozostale-uslugi.jpg\",\"contentUrl\":\"https:\/\/bieszczadzkapolozna.pl\/wp-content\/uploads\/2024\/01\/pozostale-uslugi.jpg\",\"width\":500,\"height\":500},{\"@type\":\"BreadcrumbList\",\"@id\":\"https:\/\/bieszczadzkapolozna.pl\/index.php\/pozostale-uslugi\/#breadcrumb\",\"itemListElement\":[{\"@type\":\"ListItem\",\"position\":1,\"name\":\"Strona g\u0142\u00f3wna\",\"item\":\"https:\/\/bieszczadzkapolozna.pl\/\"},{\"@type\":\"ListItem\",\"position\":2,\"name\":\"Pozosta\u0142e us\u0142ugi\"}]},{\"@type\":\"WebSite\",\"@id\":\"https:\/\/bieszczadzkapolozna.pl\/#website\",\"url\":\"https:\/\/bieszczadzkapolozna.pl\/\",\"name\":\"Karolina Sku\u0142a - Po\u0142o\u017cna Rodzinna\",\"description\":\"Bieszczadzka Po\u0142o\u017cna\",\"publisher\":{\"@id\":\"https:\/\/bieszczadzkapolozna.pl\/#organization\"},\"potentialAction\":[{\"@type\":\"SearchAction\",\"target\":{\"@type\":\"EntryPoint\",\"urlTemplate\":\"https:\/\/bieszczadzkapolozna.pl\/?s={search_term_string}\"},\"query-input\":{\"@type\":\"PropertyValueSpecification\",\"valueRequired\":true,\"valueName\":\"search_term_string\"}}],\"inLanguage\":\"pl-PL\"},{\"@type\":\"Organization\",\"@id\":\"https:\/\/bieszczadzkapolozna.pl\/#organization\",\"name\":\"Karolina Sku\u0142a - Po\u0142o\u017cna Rodzinna\",\"url\":\"https:\/\/bieszczadzkapolozna.pl\/\",\"logo\":{\"@type\":\"ImageObject\",\"inLanguage\":\"pl-PL\",\"@id\":\"https:\/\/bieszczadzkapolozna.pl\/#\/schema\/logo\/image\/\",\"url\":\"https:\/\/bieszczadzkapolozna.pl\/wp-content\/uploads\/2021\/08\/logo12-1.png\",\"contentUrl\":\"https:\/\/bieszczadzkapolozna.pl\/wp-content\/uploads\/2021\/08\/logo12-1.png\",\"width\":400,\"height\":207,\"caption\":\"Karolina Sku\u0142a - Po\u0142o\u017cna Rodzinna\"},\"image\":{\"@id\":\"https:\/\/bieszczadzkapolozna.pl\/#\/schema\/logo\/image\/\"}}]}<\/script>\n<!-- \/ Yoast SEO plugin. -->","yoast_head_json":{"title":"Pozosta\u0142e us\u0142ugi - Karolina Sku\u0142a - Po\u0142o\u017cna Rodzinna","robots":{"index":"index","follow":"follow","max-snippet":"max-snippet:-1","max-image-preview":"max-image-preview:large","max-video-preview":"max-video-preview:-1"},"canonical":"https:\/\/bieszczadzkapolozna.pl\/index.php\/pozostale-uslugi\/","og_locale":"pl_PL","og_type":"article","og_title":"Pozosta\u0142e us\u0142ugi - Karolina Sku\u0142a - Po\u0142o\u017cna Rodzinna","og_description":"Pozosta\u0142e us\u0142ugi Taping piersi &#8211; zastosowanie ta\u015bm elastycznych w celu pomocy w redukcji obrz\u0119ku lub poprawy komfortu podczas nawa\u0142u. Zastosowanie ta\u015bmy (tzw. &#8222;taping&#8221;) mo\u017ce pom\u00f3c w utrzymaniu lekkiego ucisku, co z kolei mo\u017ce wspom\u00f3c kontrolowanie obrz\u0119ku. Wa\u017cne jest r\u00f3wnie\u017c, aby zidentyfikowa\u0107 przyczyn\u0119 obrz\u0119ku i leczy\u0107 j\u0105 odpowiednio. Nauka wi\u0105zania brzucha w ci\u0105\u017cy \u2013 zamotanie brzucha [&hellip;]","og_url":"https:\/\/bieszczadzkapolozna.pl\/index.php\/pozostale-uslugi\/","og_site_name":"Karolina Sku\u0142a - Po\u0142o\u017cna Rodzinna","article_modified_time":"2025-10-18T18:32:37+00:00","og_image":[{"width":500,"height":500,"url":"https:\/\/bieszczadzkapolozna.pl\/wp-content\/uploads\/2024\/01\/pozostale-uslugi.jpg","type":"image\/jpeg"}],"twitter_card":"summary_large_image","twitter_misc":{"Szacowany czas czytania":"2 minuty"},"schema":{"@context":"https:\/\/schema.org","@graph":[{"@type":"WebPage","@id":"https:\/\/bieszczadzkapolozna.pl\/index.php\/pozostale-uslugi\/","url":"https:\/\/bieszczadzkapolozna.pl\/index.php\/pozostale-uslugi\/","name":"Pozosta\u0142e us\u0142ugi - Karolina Sku\u0142a - Po\u0142o\u017cna Rodzinna","isPartOf":{"@id":"https:\/\/bieszczadzkapolozna.pl\/#website"},"primaryImageOfPage":{"@id":"https:\/\/bieszczadzkapolozna.pl\/index.php\/pozostale-uslugi\/#primaryimage"},"image":{"@id":"https:\/\/bieszczadzkapolozna.pl\/index.php\/pozostale-uslugi\/#primaryimage"},"thumbnailUrl":"https:\/\/bieszczadzkapolozna.pl\/wp-content\/uploads\/2024\/01\/pozostale-uslugi.jpg","datePublished":"2024-01-07T18:06:23+00:00","dateModified":"2025-10-18T18:32:37+00:00","breadcrumb":{"@id":"https:\/\/bieszczadzkapolozna.pl\/index.php\/pozostale-uslugi\/#breadcrumb"},"inLanguage":"pl-PL","potentialAction":[{"@type":"ReadAction","target":["https:\/\/bieszczadzkapolozna.pl\/index.php\/pozostale-uslugi\/"]}]},{"@type":"ImageObject","inLanguage":"pl-PL","@id":"https:\/\/bieszczadzkapolozna.pl\/index.php\/pozostale-uslugi\/#primaryimage","url":"https:\/\/bieszczadzkapolozna.pl\/wp-content\/uploads\/2024\/01\/pozostale-uslugi.jpg","contentUrl":"https:\/\/bieszczadzkapolozna.pl\/wp-content\/uploads\/2024\/01\/pozostale-uslugi.jpg","width":500,"height":500},{"@type":"BreadcrumbList","@id":"https:\/\/bieszczadzkapolozna.pl\/index.php\/pozostale-uslugi\/#breadcrumb","itemListElement":[{"@type":"ListItem","position":1,"name":"Strona g\u0142\u00f3wna","item":"https:\/\/bieszczadzkapolozna.pl\/"},{"@type":"ListItem","position":2,"name":"Pozosta\u0142e us\u0142ugi"}]},{"@type":"WebSite","@id":"https:\/\/bieszczadzkapolozna.pl\/#website","url":"https:\/\/bieszczadzkapolozna.pl\/","name":"Karolina Sku\u0142a - Po\u0142o\u017cna Rodzinna","description":"Bieszczadzka Po\u0142o\u017cna","publisher":{"@id":"https:\/\/bieszczadzkapolozna.pl\/#organization"},"potentialAction":[{"@type":"SearchAction","target":{"@type":"EntryPoint","urlTemplate":"https:\/\/bieszczadzkapolozna.pl\/?s={search_term_string}"},"query-input":{"@type":"PropertyValueSpecification","valueRequired":true,"valueName":"search_term_string"}}],"inLanguage":"pl-PL"},{"@type":"Organization","@id":"https:\/\/bieszczadzkapolozna.pl\/#organization","name":"Karolina Sku\u0142a - Po\u0142o\u017cna Rodzinna","url":"https:\/\/bieszczadzkapolozna.pl\/","logo":{"@type":"ImageObject","inLanguage":"pl-PL","@id":"https:\/\/bieszczadzkapolozna.pl\/#\/schema\/logo\/image\/","url":"https:\/\/bieszczadzkapolozna.pl\/wp-content\/uploads\/2021\/08\/logo12-1.png","contentUrl":"https:\/\/bieszczadzkapolozna.pl\/wp-content\/uploads\/2021\/08\/logo12-1.png","width":400,"height":207,"caption":"Karolina Sku\u0142a - Po\u0142o\u017cna Rodzinna"},"image":{"@id":"https:\/\/bieszczadzkapolozna.pl\/#\/schema\/logo\/image\/"}}]}},"_links":{"self":[{"href":"https:\/\/bieszczadzkapolozna.pl\/index.php\/wp-json\/wp\/v2\/pages\/2695","targetHints":{"allow":["GET"]}}],"collection":[{"href":"https:\/\/bieszczadzkapolozna.pl\/index.php\/wp-json\/wp\/v2\/pages"}],"about":[{"href":"https:\/\/bieszczadzkapolozna.pl\/index.php\/wp-json\/wp\/v2\/types\/page"}],"author":[{"embeddable":true,"href":"https:\/\/bieszczadzkapolozna.pl\/index.php\/wp-json\/wp\/v2\/users\/1"}],"replies":[{"embeddable":true,"href":"https:\/\/bieszczadzkapolozna.pl\/index.php\/wp-json\/wp\/v2\/comments?post=2695"}],"version-history":[{"count":15,"href":"https:\/\/bieszczadzkapolozna.pl\/index.php\/wp-json\/wp\/v2\/pages\/2695\/revisions"}],"predecessor-version":[{"id":4584,"href":"https:\/\/bieszczadzkapolozna.pl\/index.php\/wp-json\/wp\/v2\/pages\/2695\/revisions\/4584"}],"wp:attachment":[{"href":"https:\/\/bieszczadzkapolozna.pl\/index.php\/wp-json\/wp\/v2\/media?parent=2695"}],"curies":[{"name":"wp","href":"https:\/\/api.w.org\/{rel}","templated":true}]}}