{"id":4355,"date":"2025-05-13T16:37:00","date_gmt":"2025-05-13T16:37:00","guid":{"rendered":"https:\/\/bieszczadzkapolozna.pl\/?page_id=4355"},"modified":"2025-05-13T16:40:33","modified_gmt":"2025-05-13T16:40:33","slug":"cennik","status":"publish","type":"page","link":"https:\/\/bieszczadzkapolozna.pl\/index.php\/cennik\/","title":{"rendered":"Cennik"},"content":{"rendered":"\t\t<div data-elementor-type=\"wp-page\" data-elementor-id=\"4355\" class=\"elementor elementor-4355\" data-elementor-post-type=\"page\">\n\t\t\t\t\t\t<section class=\"elementor-section elementor-top-section elementor-element elementor-element-29a439d5 elementor-section-content-middle elementor-section-boxed elementor-section-height-default elementor-section-height-default\" data-id=\"29a439d5\" data-element_type=\"section\" data-settings=\"{&quot;background_background&quot;:&quot;classic&quot;}\">\n\t\t\t\t\t\t\t<div class=\"elementor-background-overlay\"><\/div>\n\t\t\t\t\t\t\t<div class=\"elementor-container elementor-column-gap-wider\">\n\t\t\t\t\t<div class=\"elementor-column elementor-col-100 elementor-top-column elementor-element elementor-element-43f9dfc9\" data-id=\"43f9dfc9\" data-element_type=\"column\" data-settings=\"{&quot;animation&quot;:&quot;none&quot;}\">\n\t\t\t<div class=\"elementor-widget-wrap elementor-element-populated\">\n\t\t\t\t\t\t<div class=\"elementor-element elementor-element-6c885ee7 elementor-widget elementor-widget-heading\" data-id=\"6c885ee7\" data-element_type=\"widget\" data-widget_type=\"heading.default\">\n\t\t\t\t<div class=\"elementor-widget-container\">\n\t\t\t\t\t<h2 class=\"elementor-heading-title elementor-size-default\">CENNIK<\/h2>\t\t\t\t<\/div>\n\t\t\t\t<\/div>\n\t\t\t\t<div class=\"elementor-element elementor-element-36d39a4d elementor-widget elementor-widget-shortcode\" data-id=\"36d39a4d\" data-element_type=\"widget\" data-widget_type=\"shortcode.default\">\n\t\t\t\t<div class=\"elementor-widget-container\">\n\t\t\t\t\t\t\t<div class=\"elementor-shortcode\">\n<table id=\"tablepress-1\" class=\"tablepress tablepress-id-1\">\n<tbody class=\"row-striping row-hover\">\n<tr class=\"row-1\">\n\t<td class=\"column-1\">Wsparcie w I okresie porodu w domu\/porodzie w szpitalu<\/td><td class=\"column-2\">wizyta z kwalifikacj\u0105, gotowo\u015b\u0107 porodowa w terminie 37-41 tydzie\u0144 ci\u0105\u017cy, wsparcie w domu\/szpitalu<\/td><td class=\"column-3\">1800 z\u0142<\/td>\n<\/tr>\n<tr class=\"row-2\">\n\t<td class=\"column-1\">Indywidualne przygotowanie do porodu i opieki nad noworodkiem<\/td><td class=\"column-2\">8 godzin lekcyjnych <\/td><td class=\"column-3\">800 z\u0142<\/td>\n<\/tr>\n<tr class=\"row-3\">\n\t<td class=\"column-1\">Porada edukacyjna<\/td><td class=\"column-2\">45 minut, wizyta w gabinecie<\/td><td class=\"column-3\">100 z\u0142<\/td>\n<\/tr>\n<tr class=\"row-4\">\n\t<td class=\"column-1\">Wizyta patrona\u017cowa<\/td><td class=\"column-2\">wizyta domowa<\/td><td class=\"column-3\">200 z\u0142<\/td>\n<\/tr>\n<tr class=\"row-5\">\n\t<td class=\"column-1\">Porada laktacyjna<\/td><td class=\"column-2\">wizyta w gabinecie<\/td><td class=\"column-3\">180 z\u0142<\/td>\n<\/tr>\n<tr class=\"row-6\">\n\t<td class=\"column-1\">Porada laktacyjna<\/td><td class=\"column-2\">wizyta domowa<\/td><td class=\"column-3\">200 z\u0142<\/td>\n<\/tr>\n<tr class=\"row-7\">\n\t<td class=\"column-1\">Indywidualna nauka noszenia w chu\u015bcie tkanej<\/td><td class=\"column-2\">1 wi\u0105zanie<\/td><td class=\"column-3\">150 z\u0142<\/td>\n<\/tr>\n<tr class=\"row-8\">\n\t<td class=\"column-1\">Indywidualna nauka noszenia w chu\u015bcie tkanej<\/td><td class=\"column-2\">2 wi\u0105zania<\/td><td class=\"column-3\">200 z\u0142<\/td>\n<\/tr>\n<tr class=\"row-9\">\n\t<td class=\"column-1\">Nauka przyjaznej piel\u0119gnacji noworodka<\/td><td class=\"column-2\">wizyta w gabinecie<\/td><td class=\"column-3\">140 z\u0142 <\/td>\n<\/tr>\n<tr class=\"row-10\">\n\t<td class=\"column-1\">Badanie KTG<\/td><td class=\"column-2\">wizyta w gabinecie<\/td><td class=\"column-3\">80 z\u0142<\/td>\n<\/tr>\n<tr class=\"row-11\">\n\t<td class=\"column-1\">Taping piersi<\/td><td class=\"column-2\">wizyta w gabinecie<\/td><td class=\"column-3\">80 z\u0142 <\/td>\n<\/tr>\n<tr class=\"row-12\">\n\t<td class=\"column-1\">Nauka wi\u0105zania brzucha<\/td><td class=\"column-2\">wizyta w gabinecie<\/td><td class=\"column-3\">80 z\u0142<\/td>\n<\/tr>\n<tr class=\"row-13\">\n\t<td class=\"column-1\">Konsultacja telefoniczna<\/td><td class=\"column-2\">30 minut<\/td><td class=\"column-3\">80 z\u0142<\/td>\n<\/tr>\n<tr class=\"row-14\">\n\t<td class=\"column-1\">Usuni\u0119cie szw\u00f3w<\/td><td class=\"column-2\">wizyta w gabinecie<\/td><td class=\"column-3\">50 z\u0142<\/td>\n<\/tr>\n<tr class=\"row-15\">\n\t<td class=\"column-1\">Pobranie wymazu<\/td><td class=\"column-2\">zlecenie zewn\u0119trzne<\/td><td class=\"column-3\">50 z\u0142<\/td>\n<\/tr>\n<tr class=\"row-16\">\n\t<td class=\"column-1\"><b>Cytologia<\/b><\/td><td class=\"column-2\"><\/td><td class=\"column-3\"><\/td>\n<\/tr>\n<tr class=\"row-17\">\n\t<td class=\"column-1\">Cytologia ginekologiczna<\/td><td class=\"column-2\">klasyczna, na szkie\u0142ko<\/td><td class=\"column-3\">70 z\u0142<\/td>\n<\/tr>\n<tr class=\"row-18\">\n\t<td class=\"column-1\">Cytologia p\u0142ynna<\/td><td class=\"column-2\">jednowarstwowa, LBC<\/td><td class=\"column-3\"> 140 z\u0142<\/td>\n<\/tr>\n<tr class=\"row-19\">\n\t<td class=\"column-1\">Cytologia p\u0142ynna  i Badanie immunohistochemiczne  P16\/KI67<\/td><td class=\"column-2\"><\/td><td class=\"column-3\">380 z\u0142<\/td>\n<\/tr>\n<tr class=\"row-20\">\n\t<td class=\"column-1\">Badanie immunohistochemiczne  P16\/KI67 <\/td><td class=\"column-2\"><\/td><td class=\"column-3\">280 z\u0142<\/td>\n<\/tr>\n<tr class=\"row-21\">\n\t<td class=\"column-1\"><b>Badania mikrobiologiczne<\/b><\/td><td class=\"column-2\">Cennik bada\u0144 dost\u0119pny na miejscu<\/td><td class=\"column-3\"><\/td>\n<\/tr>\n<tr class=\"row-22\">\n\t<td class=\"column-1\"><b>W weekendy i \u015bwi\u0119ta ceny +50%<\/b><\/td><td class=\"column-2\"><\/td><td class=\"column-3\"><\/td>\n<\/tr>\n<tr class=\"row-23\">\n\t<td class=\"column-1\"><b>W przypadku wizyt domowych dojazd p\u0142atny<br> 2 z\u0142\/km<\/b><\/td><td class=\"column-2\"><\/td><td class=\"column-3\"><\/td>\n<\/tr>\n<\/tbody>\n<\/table>\n<!-- #tablepress-1 from cache --><\/div>\n\t\t\t\t\t\t<\/div>\n\t\t\t\t<\/div>\n\t\t\t\t<div class=\"elementor-element elementor-element-24535f72 elementor-align-left elementor-widget elementor-widget-button\" data-id=\"24535f72\" data-element_type=\"widget\" data-widget_type=\"button.default\">\n\t\t\t\t<div class=\"elementor-widget-container\">\n\t\t\t\t\t\t\t\t\t<div class=\"elementor-button-wrapper\">\n\t\t\t\t\t<a class=\"elementor-button elementor-button-link elementor-size-sm\" href=\"https:\/\/calendar.app.google\/dnQ6meJRMkdsLatJ6\">\n\t\t\t\t\t\t<span class=\"elementor-button-content-wrapper\">\n\t\t\t\t\t\t<span class=\"elementor-button-icon\">\n\t\t\t\t<i aria-hidden=\"true\" class=\"fas fa-long-arrow-alt-right\"><\/i>\t\t\t<\/span>\n\t\t\t\t\t\t\t\t\t<span class=\"elementor-button-text\">Zarezerwuj wizyt\u0119<\/span>\n\t\t\t\t\t<\/span>\n\t\t\t\t\t<\/a>\n\t\t\t\t<\/div>\n\t\t\t\t\t\t\t\t<\/div>\n\t\t\t\t<\/div>\n\t\t\t\t\t<\/div>\n\t\t<\/div>\n\t\t\t\t\t<\/div>\n\t\t<\/section>\n\t\t\t\t<\/div>\n\t\t","protected":false},"excerpt":{"rendered":"<p>CENNIK Zarezerwuj wizyt\u0119<\/p>\n","protected":false},"author":1,"featured_media":0,"parent":0,"menu_order":0,"comment_status":"closed","ping_status":"closed","template":"","meta":{"_monsterinsights_skip_tracking":false,"_monsterinsights_sitenote_active":false,"_monsterinsights_sitenote_note":"","_monsterinsights_sitenote_category":0,"ocean_post_layout":"full-screen","ocean_both_sidebars_style":"","ocean_both_sidebars_content_width":0,"ocean_both_sidebars_sidebars_width":0,"ocean_sidebar":"","ocean_second_sidebar":"","ocean_disable_margins":"on","ocean_add_body_class":"","ocean_shortcode_before_top_bar":"","ocean_shortcode_after_top_bar":"","ocean_shortcode_before_header":"","ocean_shortcode_after_header":"","ocean_has_shortcode":"","ocean_shortcode_after_title":"","ocean_shortcode_before_footer_widgets":"","ocean_shortcode_after_footer_widgets":"","ocean_shortcode_before_footer_bottom":"","ocean_shortcode_after_footer_bottom":"","ocean_display_top_bar":"default","ocean_display_header":"default","ocean_header_style":"","ocean_center_header_left_menu":"","ocean_custom_header_template":"","ocean_custom_logo":0,"ocean_custom_retina_logo":0,"ocean_custom_logo_max_width":0,"ocean_custom_logo_tablet_max_width":0,"ocean_custom_logo_mobile_max_width":0,"ocean_custom_logo_max_height":0,"ocean_custom_logo_tablet_max_height":0,"ocean_custom_logo_mobile_max_height":0,"ocean_header_custom_menu":"","ocean_menu_typo_font_family":"","ocean_menu_typo_font_subset":"","ocean_menu_typo_font_size":0,"ocean_menu_typo_font_size_tablet":0,"ocean_menu_typo_font_size_mobile":0,"ocean_menu_typo_font_size_unit":"px","ocean_menu_typo_font_weight":"","ocean_menu_typo_font_weight_tablet":"","ocean_menu_typo_font_weight_mobile":"","ocean_menu_typo_transform":"","ocean_menu_typo_transform_tablet":"","ocean_menu_typo_transform_mobile":"","ocean_menu_typo_line_height":0,"ocean_menu_typo_line_height_tablet":0,"ocean_menu_typo_line_height_mobile":0,"ocean_menu_typo_line_height_unit":"","ocean_menu_typo_spacing":0,"ocean_menu_typo_spacing_tablet":0,"ocean_menu_typo_spacing_mobile":0,"ocean_menu_typo_spacing_unit":"","ocean_menu_link_color":"","ocean_menu_link_color_hover":"","ocean_menu_link_color_active":"","ocean_menu_link_background":"","ocean_menu_link_hover_background":"","ocean_menu_link_active_background":"","ocean_menu_social_links_bg":"","ocean_menu_social_hover_links_bg":"","ocean_menu_social_links_color":"","ocean_menu_social_hover_links_color":"","ocean_disable_title":"on","ocean_disable_heading":"default","ocean_post_title":"","ocean_post_subheading":"","ocean_post_title_style":"","ocean_post_title_background_color":"","ocean_post_title_background":0,"ocean_post_title_bg_image_position":"","ocean_post_title_bg_image_attachment":"","ocean_post_title_bg_image_repeat":"","ocean_post_title_bg_image_size":"","ocean_post_title_height":0,"ocean_post_title_bg_overlay":0.5,"ocean_post_title_bg_overlay_color":"","ocean_disable_breadcrumbs":"default","ocean_breadcrumbs_color":"","ocean_breadcrumbs_separator_color":"","ocean_breadcrumbs_links_color":"","ocean_breadcrumbs_links_hover_color":"","ocean_display_footer_widgets":"default","ocean_display_footer_bottom":"default","ocean_custom_footer_template":"","footnotes":""},"class_list":["post-4355","page","type-page","status-publish","hentry","entry"],"yoast_head":"<!-- This site is optimized with the Yoast SEO plugin v25.0 - https:\/\/yoast.com\/wordpress\/plugins\/seo\/ -->\n<title>Cennik - Karolina Sku\u0142a - Po\u0142o\u017cna Rodzinna<\/title>\n<meta name=\"robots\" content=\"index, follow, max-snippet:-1, max-image-preview:large, max-video-preview:-1\" \/>\n<link rel=\"canonical\" href=\"https:\/\/bieszczadzkapolozna.pl\/index.php\/cennik\/\" \/>\n<meta property=\"og:locale\" content=\"pl_PL\" \/>\n<meta property=\"og:type\" content=\"article\" \/>\n<meta property=\"og:title\" content=\"Cennik - Karolina Sku\u0142a - Po\u0142o\u017cna Rodzinna\" \/>\n<meta property=\"og:description\" content=\"CENNIK Zarezerwuj wizyt\u0119\" \/>\n<meta property=\"og:url\" content=\"https:\/\/bieszczadzkapolozna.pl\/index.php\/cennik\/\" \/>\n<meta property=\"og:site_name\" content=\"Karolina Sku\u0142a - Po\u0142o\u017cna Rodzinna\" \/>\n<meta property=\"article:modified_time\" content=\"2025-05-13T16:40:33+00:00\" \/>\n<meta name=\"twitter:card\" content=\"summary_large_image\" \/>\n<meta name=\"twitter:label1\" content=\"Szacowany czas czytania\" \/>\n\t<meta name=\"twitter:data1\" content=\"1 minuta\" \/>\n<script type=\"application\/ld+json\" class=\"yoast-schema-graph\">{\"@context\":\"https:\/\/schema.org\",\"@graph\":[{\"@type\":\"WebPage\",\"@id\":\"https:\/\/bieszczadzkapolozna.pl\/index.php\/cennik\/\",\"url\":\"https:\/\/bieszczadzkapolozna.pl\/index.php\/cennik\/\",\"name\":\"Cennik - Karolina Sku\u0142a - Po\u0142o\u017cna Rodzinna\",\"isPartOf\":{\"@id\":\"https:\/\/bieszczadzkapolozna.pl\/#website\"},\"datePublished\":\"2025-05-13T16:37:00+00:00\",\"dateModified\":\"2025-05-13T16:40:33+00:00\",\"breadcrumb\":{\"@id\":\"https:\/\/bieszczadzkapolozna.pl\/index.php\/cennik\/#breadcrumb\"},\"inLanguage\":\"pl-PL\",\"potentialAction\":[{\"@type\":\"ReadAction\",\"target\":[\"https:\/\/bieszczadzkapolozna.pl\/index.php\/cennik\/\"]}]},{\"@type\":\"BreadcrumbList\",\"@id\":\"https:\/\/bieszczadzkapolozna.pl\/index.php\/cennik\/#breadcrumb\",\"itemListElement\":[{\"@type\":\"ListItem\",\"position\":1,\"name\":\"Strona g\u0142\u00f3wna\",\"item\":\"https:\/\/bieszczadzkapolozna.pl\/\"},{\"@type\":\"ListItem\",\"position\":2,\"name\":\"Cennik\"}]},{\"@type\":\"WebSite\",\"@id\":\"https:\/\/bieszczadzkapolozna.pl\/#website\",\"url\":\"https:\/\/bieszczadzkapolozna.pl\/\",\"name\":\"Karolina Sku\u0142a - Po\u0142o\u017cna Rodzinna\",\"description\":\"Bieszczadzka Po\u0142o\u017cna\",\"publisher\":{\"@id\":\"https:\/\/bieszczadzkapolozna.pl\/#organization\"},\"potentialAction\":[{\"@type\":\"SearchAction\",\"target\":{\"@type\":\"EntryPoint\",\"urlTemplate\":\"https:\/\/bieszczadzkapolozna.pl\/?s={search_term_string}\"},\"query-input\":{\"@type\":\"PropertyValueSpecification\",\"valueRequired\":true,\"valueName\":\"search_term_string\"}}],\"inLanguage\":\"pl-PL\"},{\"@type\":\"Organization\",\"@id\":\"https:\/\/bieszczadzkapolozna.pl\/#organization\",\"name\":\"Karolina Sku\u0142a - Po\u0142o\u017cna Rodzinna\",\"url\":\"https:\/\/bieszczadzkapolozna.pl\/\",\"logo\":{\"@type\":\"ImageObject\",\"inLanguage\":\"pl-PL\",\"@id\":\"https:\/\/bieszczadzkapolozna.pl\/#\/schema\/logo\/image\/\",\"url\":\"https:\/\/bieszczadzkapolozna.pl\/wp-content\/uploads\/2021\/08\/logo12-1.png\",\"contentUrl\":\"https:\/\/bieszczadzkapolozna.pl\/wp-content\/uploads\/2021\/08\/logo12-1.png\",\"width\":400,\"height\":207,\"caption\":\"Karolina Sku\u0142a - Po\u0142o\u017cna Rodzinna\"},\"image\":{\"@id\":\"https:\/\/bieszczadzkapolozna.pl\/#\/schema\/logo\/image\/\"}}]}<\/script>\n<!-- \/ Yoast SEO plugin. -->","yoast_head_json":{"title":"Cennik - Karolina Sku\u0142a - Po\u0142o\u017cna Rodzinna","robots":{"index":"index","follow":"follow","max-snippet":"max-snippet:-1","max-image-preview":"max-image-preview:large","max-video-preview":"max-video-preview:-1"},"canonical":"https:\/\/bieszczadzkapolozna.pl\/index.php\/cennik\/","og_locale":"pl_PL","og_type":"article","og_title":"Cennik - Karolina Sku\u0142a - Po\u0142o\u017cna Rodzinna","og_description":"CENNIK Zarezerwuj wizyt\u0119","og_url":"https:\/\/bieszczadzkapolozna.pl\/index.php\/cennik\/","og_site_name":"Karolina Sku\u0142a - Po\u0142o\u017cna Rodzinna","article_modified_time":"2025-05-13T16:40:33+00:00","twitter_card":"summary_large_image","twitter_misc":{"Szacowany czas czytania":"1 minuta"},"schema":{"@context":"https:\/\/schema.org","@graph":[{"@type":"WebPage","@id":"https:\/\/bieszczadzkapolozna.pl\/index.php\/cennik\/","url":"https:\/\/bieszczadzkapolozna.pl\/index.php\/cennik\/","name":"Cennik - Karolina Sku\u0142a - Po\u0142o\u017cna Rodzinna","isPartOf":{"@id":"https:\/\/bieszczadzkapolozna.pl\/#website"},"datePublished":"2025-05-13T16:37:00+00:00","dateModified":"2025-05-13T16:40:33+00:00","breadcrumb":{"@id":"https:\/\/bieszczadzkapolozna.pl\/index.php\/cennik\/#breadcrumb"},"inLanguage":"pl-PL","potentialAction":[{"@type":"ReadAction","target":["https:\/\/bieszczadzkapolozna.pl\/index.php\/cennik\/"]}]},{"@type":"BreadcrumbList","@id":"https:\/\/bieszczadzkapolozna.pl\/index.php\/cennik\/#breadcrumb","itemListElement":[{"@type":"ListItem","position":1,"name":"Strona g\u0142\u00f3wna","item":"https:\/\/bieszczadzkapolozna.pl\/"},{"@type":"ListItem","position":2,"name":"Cennik"}]},{"@type":"WebSite","@id":"https:\/\/bieszczadzkapolozna.pl\/#website","url":"https:\/\/bieszczadzkapolozna.pl\/","name":"Karolina Sku\u0142a - Po\u0142o\u017cna Rodzinna","description":"Bieszczadzka Po\u0142o\u017cna","publisher":{"@id":"https:\/\/bieszczadzkapolozna.pl\/#organization"},"potentialAction":[{"@type":"SearchAction","target":{"@type":"EntryPoint","urlTemplate":"https:\/\/bieszczadzkapolozna.pl\/?s={search_term_string}"},"query-input":{"@type":"PropertyValueSpecification","valueRequired":true,"valueName":"search_term_string"}}],"inLanguage":"pl-PL"},{"@type":"Organization","@id":"https:\/\/bieszczadzkapolozna.pl\/#organization","name":"Karolina Sku\u0142a - Po\u0142o\u017cna Rodzinna","url":"https:\/\/bieszczadzkapolozna.pl\/","logo":{"@type":"ImageObject","inLanguage":"pl-PL","@id":"https:\/\/bieszczadzkapolozna.pl\/#\/schema\/logo\/image\/","url":"https:\/\/bieszczadzkapolozna.pl\/wp-content\/uploads\/2021\/08\/logo12-1.png","contentUrl":"https:\/\/bieszczadzkapolozna.pl\/wp-content\/uploads\/2021\/08\/logo12-1.png","width":400,"height":207,"caption":"Karolina Sku\u0142a - Po\u0142o\u017cna Rodzinna"},"image":{"@id":"https:\/\/bieszczadzkapolozna.pl\/#\/schema\/logo\/image\/"}}]}},"_links":{"self":[{"href":"https:\/\/bieszczadzkapolozna.pl\/index.php\/wp-json\/wp\/v2\/pages\/4355","targetHints":{"allow":["GET"]}}],"collection":[{"href":"https:\/\/bieszczadzkapolozna.pl\/index.php\/wp-json\/wp\/v2\/pages"}],"about":[{"href":"https:\/\/bieszczadzkapolozna.pl\/index.php\/wp-json\/wp\/v2\/types\/page"}],"author":[{"embeddable":true,"href":"https:\/\/bieszczadzkapolozna.pl\/index.php\/wp-json\/wp\/v2\/users\/1"}],"replies":[{"embeddable":true,"href":"https:\/\/bieszczadzkapolozna.pl\/index.php\/wp-json\/wp\/v2\/comments?post=4355"}],"version-history":[{"count":8,"href":"https:\/\/bieszczadzkapolozna.pl\/index.php\/wp-json\/wp\/v2\/pages\/4355\/revisions"}],"predecessor-version":[{"id":4366,"href":"https:\/\/bieszczadzkapolozna.pl\/index.php\/wp-json\/wp\/v2\/pages\/4355\/revisions\/4366"}],"wp:attachment":[{"href":"https:\/\/bieszczadzkapolozna.pl\/index.php\/wp-json\/wp\/v2\/media?parent=4355"}],"curies":[{"name":"wp","href":"https:\/\/api.w.org\/{rel}","templated":true}]}}